{"id":4710,"date":"2024-12-15T17:17:21","date_gmt":"2024-12-15T17:17:21","guid":{"rendered":"https:\/\/www.drabrianda.es\/?page_id=4710"},"modified":"2024-12-25T19:52:14","modified_gmt":"2024-12-25T19:52:14","slug":"frontoplasty","status":"publish","type":"page","link":"https:\/\/www.drabrianda.es\/en\/before-and-after\/frontoplasty\/","title":{"rendered":"Frontoplasty"},"content":{"rendered":"\t\t<div data-elementor-type=\"wp-page\" data-elementor-id=\"4710\" class=\"elementor elementor-4710 elementor-4709\" data-elementor-post-type=\"page\">\n\t\t\t\t\t\t<section class=\"elementor-section elementor-top-section elementor-element elementor-element-65b53d7a elementor-section-boxed elementor-section-height-default elementor-section-height-default\" data-id=\"65b53d7a\" data-element_type=\"section\" data-e-type=\"section\" data-settings=\"{&quot;background_background&quot;:&quot;classic&quot;}\">\n\t\t\t\t\t\t<div class=\"elementor-container elementor-column-gap-default\">\n\t\t\t\t\t<div class=\"elementor-column elementor-col-100 elementor-top-column elementor-element elementor-element-63dc6b96\" data-id=\"63dc6b96\" data-element_type=\"column\" data-e-type=\"column\">\n\t\t\t<div class=\"elementor-widget-wrap elementor-element-populated\">\n\t\t\t\t\t\t<div class=\"elementor-element elementor-element-5d35e0d5 elementor-widget elementor-widget-heading\" data-id=\"5d35e0d5\" data-element_type=\"widget\" data-e-type=\"widget\" data-widget_type=\"heading.default\">\n\t\t\t\t\t<h1 class=\"elementor-heading-title elementor-size-default\">Before and After Photos of Frontoplasty<\/h1>\t\t\t\t<\/div>\n\t\t\t\t<div class=\"elementor-element elementor-element-785a16df elementor-widget elementor-widget-heading\" data-id=\"785a16df\" data-element_type=\"widget\" data-e-type=\"widget\" data-widget_type=\"heading.default\">\n\t\t\t\t\t<h3 class=\"elementor-heading-title elementor-size-default\">Real Cases of Dr. Brianda Hurtado de Mendoza<\/h3>\t\t\t\t<\/div>\n\t\t\t\t\t<\/div>\n\t\t<\/div>\n\t\t\t\t\t<\/div>\n\t\t<\/section>\n\t\t\t\t<section class=\"elementor-section elementor-top-section elementor-element elementor-element-a0dcb24 elementor-section-content-middle elementor-section-boxed elementor-section-height-default elementor-section-height-default\" data-id=\"a0dcb24\" data-element_type=\"section\" data-e-type=\"section\">\n\t\t\t\t\t\t<div class=\"elementor-container elementor-column-gap-no\">\n\t\t\t\t\t<div class=\"elementor-column elementor-col-100 elementor-top-column elementor-element elementor-element-4d1b7f6\" data-id=\"4d1b7f6\" data-element_type=\"column\" data-e-type=\"column\">\n\t\t\t<div class=\"elementor-widget-wrap elementor-element-populated\">\n\t\t\t\t\t\t<div class=\"elementor-element elementor-element-bcd450a elementor-widget elementor-widget-heading\" data-id=\"bcd450a\" data-element_type=\"widget\" data-e-type=\"widget\" data-widget_type=\"heading.default\">\n\t\t\t\t\t<h2 class=\"elementor-heading-title elementor-size-default\">Case 1<\/h2>\t\t\t\t<\/div>\n\t\t\t\t<div class=\"elementor-element elementor-element-2bb0b1b gallery-spacing-custom elementor-widget elementor-widget-image-gallery\" data-id=\"2bb0b1b\" data-element_type=\"widget\" data-e-type=\"widget\" data-widget_type=\"image-gallery.default\">\n\t\t\t\t\t\t\t<div class=\"elementor-image-gallery\">\n\t\t\t<div id='gallery-1' class='gallery galleryid-4710 gallery-columns-3 gallery-size-large'><figure class='gallery-item'>\n\t\t\t<div class='gallery-icon landscape'>\n\t\t\t\t<a data-elementor-open-lightbox=\"yes\" data-elementor-lightbox-slideshow=\"2bb0b1b\" data-elementor-lightbox-title=\"FRONTOPLASTIA 1\" data-e-action-hash=\"#elementor-action%3Aaction%3Dlightbox%26settings%3DeyJpZCI6NDcxMywidXJsIjoiaHR0cHM6XC9cL3d3dy5kcmFicmlhbmRhLmVzXC93cC1jb250ZW50XC91cGxvYWRzXC8yMDI0XC8xMlwvRlJPTlRPUExBU1RJQS0xLmpwZyIsInNsaWRlc2hvdyI6IjJiYjBiMWIifQ%3D%3D\" href='https:\/\/www.drabrianda.es\/wp-content\/uploads\/2024\/12\/FRONTOPLASTIA-1.jpg'><img fetchpriority=\"high\" decoding=\"async\" width=\"1024\" height=\"1022\" src=\"https:\/\/www.drabrianda.es\/wp-content\/uploads\/2024\/12\/FRONTOPLASTIA-1-1024x1022.jpg\" class=\"attachment-large size-large\" alt=\"Antes y despu\u00e9s frontoplastia\" srcset=\"https:\/\/www.drabrianda.es\/wp-content\/uploads\/2024\/12\/FRONTOPLASTIA-1-1024x1022.jpg 1024w, https:\/\/www.drabrianda.es\/wp-content\/uploads\/2024\/12\/FRONTOPLASTIA-1-300x300.jpg 300w, https:\/\/www.drabrianda.es\/wp-content\/uploads\/2024\/12\/FRONTOPLASTIA-1-150x150.jpg 150w, https:\/\/www.drabrianda.es\/wp-content\/uploads\/2024\/12\/FRONTOPLASTIA-1-768x767.jpg 768w, https:\/\/www.drabrianda.es\/wp-content\/uploads\/2024\/12\/FRONTOPLASTIA-1.jpg 1290w\" sizes=\"(max-width: 1024px) 100vw, 1024px\" \/><\/a>\n\t\t\t<\/div><\/figure><figure class='gallery-item'>\n\t\t\t<div class='gallery-icon landscape'>\n\t\t\t\t<a data-elementor-open-lightbox=\"yes\" data-elementor-lightbox-slideshow=\"2bb0b1b\" data-elementor-lightbox-title=\"FRONTOPLASTIA 2\" data-e-action-hash=\"#elementor-action%3Aaction%3Dlightbox%26settings%3DeyJpZCI6NDcxNSwidXJsIjoiaHR0cHM6XC9cL3d3dy5kcmFicmlhbmRhLmVzXC93cC1jb250ZW50XC91cGxvYWRzXC8yMDI0XC8xMlwvRlJPTlRPUExBU1RJQS0yLmpwZyIsInNsaWRlc2hvdyI6IjJiYjBiMWIifQ%3D%3D\" href='https:\/\/www.drabrianda.es\/wp-content\/uploads\/2024\/12\/FRONTOPLASTIA-2.jpg'><img decoding=\"async\" width=\"1024\" height=\"873\" src=\"https:\/\/www.drabrianda.es\/wp-content\/uploads\/2024\/12\/FRONTOPLASTIA-2-1024x873.jpg\" class=\"attachment-large size-large\" alt=\"Antes y despu\u00e9s frontoplastia\" srcset=\"https:\/\/www.drabrianda.es\/wp-content\/uploads\/2024\/12\/FRONTOPLASTIA-2-1024x873.jpg 1024w, https:\/\/www.drabrianda.es\/wp-content\/uploads\/2024\/12\/FRONTOPLASTIA-2-300x256.jpg 300w, https:\/\/www.drabrianda.es\/wp-content\/uploads\/2024\/12\/FRONTOPLASTIA-2-768x655.jpg 768w, https:\/\/www.drabrianda.es\/wp-content\/uploads\/2024\/12\/FRONTOPLASTIA-2.jpg 1290w\" sizes=\"(max-width: 1024px) 100vw, 1024px\" \/><\/a>\n\t\t\t<\/div><\/figure><figure class='gallery-item'>\n\t\t\t<div class='gallery-icon landscape'>\n\t\t\t\t<a data-elementor-open-lightbox=\"yes\" data-elementor-lightbox-slideshow=\"2bb0b1b\" data-elementor-lightbox-title=\"FRONTOPLASTIA 3\" data-e-action-hash=\"#elementor-action%3Aaction%3Dlightbox%26settings%3DeyJpZCI6NDcxNywidXJsIjoiaHR0cHM6XC9cL3d3dy5kcmFicmlhbmRhLmVzXC93cC1jb250ZW50XC91cGxvYWRzXC8yMDI0XC8xMlwvRlJPTlRPUExBU1RJQS0zLmpwZyIsInNsaWRlc2hvdyI6IjJiYjBiMWIifQ%3D%3D\" href='https:\/\/www.drabrianda.es\/wp-content\/uploads\/2024\/12\/FRONTOPLASTIA-3.jpg'><img decoding=\"async\" width=\"1024\" height=\"899\" src=\"https:\/\/www.drabrianda.es\/wp-content\/uploads\/2024\/12\/FRONTOPLASTIA-3-1024x899.jpg\" class=\"attachment-large size-large\" alt=\"Antes y despu\u00e9s frontoplastia\" srcset=\"https:\/\/www.drabrianda.es\/wp-content\/uploads\/2024\/12\/FRONTOPLASTIA-3-1024x899.jpg 1024w, https:\/\/www.drabrianda.es\/wp-content\/uploads\/2024\/12\/FRONTOPLASTIA-3-300x263.jpg 300w, https:\/\/www.drabrianda.es\/wp-content\/uploads\/2024\/12\/FRONTOPLASTIA-3-768x675.jpg 768w, https:\/\/www.drabrianda.es\/wp-content\/uploads\/2024\/12\/FRONTOPLASTIA-3.jpg 1290w\" sizes=\"(max-width: 1024px) 100vw, 1024px\" \/><\/a>\n\t\t\t<\/div><\/figure>\n\t\t<\/div>\n\t\t<\/div>\n\t\t\t\t\t\t<\/div>\n\t\t\t\t\t<\/div>\n\t\t<\/div>\n\t\t\t\t\t<\/div>\n\t\t<\/section>\n\t\t\t\t<\/div>\n\t\t","protected":false},"excerpt":{"rendered":"<p>Before and After Photos of Frontoplasty Real Cases of Dr. Brianda Hurtado de Mendoza Case 1<\/p>\n","protected":false},"author":1,"featured_media":0,"parent":4583,"menu_order":0,"comment_status":"closed","ping_status":"closed","template":"elementor_header_footer","meta":{"site-sidebar-layout":"no-sidebar","site-content-layout":"page-builder","ast-site-content-layout":"full-width-container","site-content-style":"default","site-sidebar-style":"default","ast-global-header-display":"","ast-banner-title-visibility":"","ast-main-header-display":"","ast-hfb-above-header-display":"","ast-hfb-below-header-display":"","ast-hfb-mobile-header-display":"","site-post-title":"disabled","ast-breadcrumbs-content":"","ast-featured-img":"disabled","footer-sml-layout":"","ast-disable-related-posts":"","theme-transparent-header-meta":"default","adv-header-id-meta":"","stick-header-meta":"","header-above-stick-meta":"","header-main-stick-meta":"","header-below-stick-meta":"","astra-migrate-meta-layouts":"set","ast-page-background-enabled":"default","ast-page-background-meta":{"desktop":{"background-color":"","background-image":"","background-repeat":"repeat","background-position":"center center","background-size":"auto","background-attachment":"scroll","background-type":"","background-media":"","overlay-type":"","overlay-color":"","overlay-opacity":"","overlay-gradient":""},"tablet":{"background-color":"","background-image":"","background-repeat":"repeat","background-position":"center center","background-size":"auto","background-attachment":"scroll","background-type":"","background-media":"","overlay-type":"","overlay-color":"","overlay-opacity":"","overlay-gradient":""},"mobile":{"background-color":"","background-image":"","background-repeat":"repeat","background-position":"center center","background-size":"auto","background-attachment":"scroll","background-type":"","background-media":"","overlay-type":"","overlay-color":"","overlay-opacity":"","overlay-gradient":""}},"ast-content-background-meta":{"desktop":{"background-color":"var(--ast-global-color-5)","background-image":"","background-repeat":"repeat","background-position":"center center","background-size":"auto","background-attachment":"scroll","background-type":"","background-media":"","overlay-type":"","overlay-color":"","overlay-opacity":"","overlay-gradient":""},"tablet":{"background-color":"var(--ast-global-color-5)","background-image":"","background-repeat":"repeat","background-position":"center center","background-size":"auto","background-attachment":"scroll","background-type":"","background-media":"","overlay-type":"","overlay-color":"","overlay-opacity":"","overlay-gradient":""},"mobile":{"background-color":"var(--ast-global-color-5)","background-image":"","background-repeat":"repeat","background-position":"center center","background-size":"auto","background-attachment":"scroll","background-type":"","background-media":"","overlay-type":"","overlay-color":"","overlay-opacity":"","overlay-gradient":""}},"_joinchat":[],"footnotes":""},"class_list":["post-4710","page","type-page","status-publish","hentry"],"yoast_head":"<!-- This site is optimized with the Yoast SEO plugin v27.4 - https:\/\/yoast.com\/product\/yoast-seo-wordpress\/ -->\n<title>Frontoplasty - Doctora Brianda<\/title>\n<meta name=\"description\" content=\"Frontoplasty Before and After Photos. Gallery of before and after plastic surgery images.\" \/>\n<meta name=\"robots\" content=\"index, follow, max-snippet:-1, max-image-preview:large, max-video-preview:-1\" \/>\n<link rel=\"canonical\" href=\"https:\/\/www.drabrianda.es\/en\/before-and-after\/frontoplasty\/\" \/>\n<meta property=\"og:locale\" content=\"en_US\" \/>\n<meta property=\"og:type\" content=\"article\" \/>\n<meta property=\"og:title\" content=\"Frontoplasty - Doctora Brianda\" \/>\n<meta property=\"og:description\" content=\"Frontoplasty Before and After Photos. Gallery of before and after plastic surgery images.\" \/>\n<meta property=\"og:url\" content=\"https:\/\/www.drabrianda.es\/en\/before-and-after\/frontoplasty\/\" \/>\n<meta property=\"og:site_name\" content=\"Doctora Brianda\" \/>\n<meta property=\"article:modified_time\" content=\"2024-12-25T19:52:14+00:00\" \/>\n<meta property=\"og:image\" content=\"https:\/\/www.drabrianda.es\/wp-content\/uploads\/2024\/12\/FRONTOPLASTIA-1-1024x1022.jpg\" \/>\n<meta name=\"twitter:card\" content=\"summary_large_image\" \/>\n<meta name=\"twitter:label1\" content=\"Est. reading time\" \/>\n\t<meta name=\"twitter:data1\" content=\"1 minute\" \/>\n<script type=\"application\/ld+json\" class=\"yoast-schema-graph\">{\"@context\":\"https:\\\/\\\/schema.org\",\"@graph\":[{\"@type\":\"WebPage\",\"@id\":\"https:\\\/\\\/www.drabrianda.es\\\/en\\\/before-and-after\\\/frontoplasty\\\/\",\"url\":\"https:\\\/\\\/www.drabrianda.es\\\/en\\\/before-and-after\\\/frontoplasty\\\/\",\"name\":\"Frontoplasty - Doctora Brianda\",\"isPartOf\":{\"@id\":\"https:\\\/\\\/www.drabrianda.es\\\/#website\"},\"primaryImageOfPage\":{\"@id\":\"https:\\\/\\\/www.drabrianda.es\\\/en\\\/before-and-after\\\/frontoplasty\\\/#primaryimage\"},\"image\":{\"@id\":\"https:\\\/\\\/www.drabrianda.es\\\/en\\\/before-and-after\\\/frontoplasty\\\/#primaryimage\"},\"thumbnailUrl\":\"https:\\\/\\\/www.drabrianda.es\\\/wp-content\\\/uploads\\\/2024\\\/12\\\/FRONTOPLASTIA-1-1024x1022.jpg\",\"datePublished\":\"2024-12-15T17:17:21+00:00\",\"dateModified\":\"2024-12-25T19:52:14+00:00\",\"description\":\"Frontoplasty Before and After Photos. Gallery of before and after plastic surgery images.\",\"breadcrumb\":{\"@id\":\"https:\\\/\\\/www.drabrianda.es\\\/en\\\/before-and-after\\\/frontoplasty\\\/#breadcrumb\"},\"inLanguage\":\"en-US\",\"potentialAction\":[{\"@type\":\"ReadAction\",\"target\":[\"https:\\\/\\\/www.drabrianda.es\\\/en\\\/before-and-after\\\/frontoplasty\\\/\"]}]},{\"@type\":\"ImageObject\",\"inLanguage\":\"en-US\",\"@id\":\"https:\\\/\\\/www.drabrianda.es\\\/en\\\/before-and-after\\\/frontoplasty\\\/#primaryimage\",\"url\":\"https:\\\/\\\/www.drabrianda.es\\\/wp-content\\\/uploads\\\/2024\\\/12\\\/FRONTOPLASTIA-1-1024x1022.jpg\",\"contentUrl\":\"https:\\\/\\\/www.drabrianda.es\\\/wp-content\\\/uploads\\\/2024\\\/12\\\/FRONTOPLASTIA-1-1024x1022.jpg\"},{\"@type\":\"BreadcrumbList\",\"@id\":\"https:\\\/\\\/www.drabrianda.es\\\/en\\\/before-and-after\\\/frontoplasty\\\/#breadcrumb\",\"itemListElement\":[{\"@type\":\"ListItem\",\"position\":1,\"name\":\"Portada\",\"item\":\"https:\\\/\\\/www.drabrianda.es\\\/\"},{\"@type\":\"ListItem\",\"position\":2,\"name\":\"Before and after\",\"item\":\"https:\\\/\\\/www.drabrianda.es\\\/en\\\/before-and-after\\\/\"},{\"@type\":\"ListItem\",\"position\":3,\"name\":\"Frontoplasty\"}]},{\"@type\":\"WebSite\",\"@id\":\"https:\\\/\\\/www.drabrianda.es\\\/#website\",\"url\":\"https:\\\/\\\/www.drabrianda.es\\\/\",\"name\":\"Doctora Brianda\",\"description\":\"Cirug\u00eda Pl\u00e1stica M\u00e1laga y Marbella\",\"publisher\":{\"@id\":\"https:\\\/\\\/www.drabrianda.es\\\/#organization\"},\"potentialAction\":[{\"@type\":\"SearchAction\",\"target\":{\"@type\":\"EntryPoint\",\"urlTemplate\":\"https:\\\/\\\/www.drabrianda.es\\\/?s={search_term_string}\"},\"query-input\":{\"@type\":\"PropertyValueSpecification\",\"valueRequired\":true,\"valueName\":\"search_term_string\"}}],\"inLanguage\":\"en-US\"},{\"@type\":\"Organization\",\"@id\":\"https:\\\/\\\/www.drabrianda.es\\\/#organization\",\"name\":\"Doctora Brianda\",\"url\":\"https:\\\/\\\/www.drabrianda.es\\\/\",\"logo\":{\"@type\":\"ImageObject\",\"inLanguage\":\"en-US\",\"@id\":\"https:\\\/\\\/www.drabrianda.es\\\/#\\\/schema\\\/logo\\\/image\\\/\",\"url\":\"https:\\\/\\\/www.drabrianda.es\\\/wp-content\\\/uploads\\\/2018\\\/10\\\/logo-brianda-mendoza-1.png\",\"contentUrl\":\"https:\\\/\\\/www.drabrianda.es\\\/wp-content\\\/uploads\\\/2018\\\/10\\\/logo-brianda-mendoza-1.png\",\"width\":300,\"height\":101,\"caption\":\"Doctora Brianda\"},\"image\":{\"@id\":\"https:\\\/\\\/www.drabrianda.es\\\/#\\\/schema\\\/logo\\\/image\\\/\"}}]}<\/script>\n<!-- \/ Yoast SEO plugin. -->","yoast_head_json":{"title":"Frontoplasty - Doctora Brianda","description":"Frontoplasty Before and After Photos. Gallery of before and after plastic surgery images.","robots":{"index":"index","follow":"follow","max-snippet":"max-snippet:-1","max-image-preview":"max-image-preview:large","max-video-preview":"max-video-preview:-1"},"canonical":"https:\/\/www.drabrianda.es\/en\/before-and-after\/frontoplasty\/","og_locale":"en_US","og_type":"article","og_title":"Frontoplasty - Doctora Brianda","og_description":"Frontoplasty Before and After Photos. Gallery of before and after plastic surgery images.","og_url":"https:\/\/www.drabrianda.es\/en\/before-and-after\/frontoplasty\/","og_site_name":"Doctora Brianda","article_modified_time":"2024-12-25T19:52:14+00:00","og_image":[{"url":"https:\/\/www.drabrianda.es\/wp-content\/uploads\/2024\/12\/FRONTOPLASTIA-1-1024x1022.jpg","type":"","width":"","height":""}],"twitter_card":"summary_large_image","twitter_misc":{"Est. reading time":"1 minute"},"schema":{"@context":"https:\/\/schema.org","@graph":[{"@type":"WebPage","@id":"https:\/\/www.drabrianda.es\/en\/before-and-after\/frontoplasty\/","url":"https:\/\/www.drabrianda.es\/en\/before-and-after\/frontoplasty\/","name":"Frontoplasty - Doctora Brianda","isPartOf":{"@id":"https:\/\/www.drabrianda.es\/#website"},"primaryImageOfPage":{"@id":"https:\/\/www.drabrianda.es\/en\/before-and-after\/frontoplasty\/#primaryimage"},"image":{"@id":"https:\/\/www.drabrianda.es\/en\/before-and-after\/frontoplasty\/#primaryimage"},"thumbnailUrl":"https:\/\/www.drabrianda.es\/wp-content\/uploads\/2024\/12\/FRONTOPLASTIA-1-1024x1022.jpg","datePublished":"2024-12-15T17:17:21+00:00","dateModified":"2024-12-25T19:52:14+00:00","description":"Frontoplasty Before and After Photos. Gallery of before and after plastic surgery images.","breadcrumb":{"@id":"https:\/\/www.drabrianda.es\/en\/before-and-after\/frontoplasty\/#breadcrumb"},"inLanguage":"en-US","potentialAction":[{"@type":"ReadAction","target":["https:\/\/www.drabrianda.es\/en\/before-and-after\/frontoplasty\/"]}]},{"@type":"ImageObject","inLanguage":"en-US","@id":"https:\/\/www.drabrianda.es\/en\/before-and-after\/frontoplasty\/#primaryimage","url":"https:\/\/www.drabrianda.es\/wp-content\/uploads\/2024\/12\/FRONTOPLASTIA-1-1024x1022.jpg","contentUrl":"https:\/\/www.drabrianda.es\/wp-content\/uploads\/2024\/12\/FRONTOPLASTIA-1-1024x1022.jpg"},{"@type":"BreadcrumbList","@id":"https:\/\/www.drabrianda.es\/en\/before-and-after\/frontoplasty\/#breadcrumb","itemListElement":[{"@type":"ListItem","position":1,"name":"Portada","item":"https:\/\/www.drabrianda.es\/"},{"@type":"ListItem","position":2,"name":"Before and after","item":"https:\/\/www.drabrianda.es\/en\/before-and-after\/"},{"@type":"ListItem","position":3,"name":"Frontoplasty"}]},{"@type":"WebSite","@id":"https:\/\/www.drabrianda.es\/#website","url":"https:\/\/www.drabrianda.es\/","name":"Doctora Brianda","description":"Cirug\u00eda Pl\u00e1stica M\u00e1laga y Marbella","publisher":{"@id":"https:\/\/www.drabrianda.es\/#organization"},"potentialAction":[{"@type":"SearchAction","target":{"@type":"EntryPoint","urlTemplate":"https:\/\/www.drabrianda.es\/?s={search_term_string}"},"query-input":{"@type":"PropertyValueSpecification","valueRequired":true,"valueName":"search_term_string"}}],"inLanguage":"en-US"},{"@type":"Organization","@id":"https:\/\/www.drabrianda.es\/#organization","name":"Doctora Brianda","url":"https:\/\/www.drabrianda.es\/","logo":{"@type":"ImageObject","inLanguage":"en-US","@id":"https:\/\/www.drabrianda.es\/#\/schema\/logo\/image\/","url":"https:\/\/www.drabrianda.es\/wp-content\/uploads\/2018\/10\/logo-brianda-mendoza-1.png","contentUrl":"https:\/\/www.drabrianda.es\/wp-content\/uploads\/2018\/10\/logo-brianda-mendoza-1.png","width":300,"height":101,"caption":"Doctora Brianda"},"image":{"@id":"https:\/\/www.drabrianda.es\/#\/schema\/logo\/image\/"}}]}},"_links":{"self":[{"href":"https:\/\/www.drabrianda.es\/en\/wp-json\/wp\/v2\/pages\/4710","targetHints":{"allow":["GET"]}}],"collection":[{"href":"https:\/\/www.drabrianda.es\/en\/wp-json\/wp\/v2\/pages"}],"about":[{"href":"https:\/\/www.drabrianda.es\/en\/wp-json\/wp\/v2\/types\/page"}],"author":[{"embeddable":true,"href":"https:\/\/www.drabrianda.es\/en\/wp-json\/wp\/v2\/users\/1"}],"replies":[{"embeddable":true,"href":"https:\/\/www.drabrianda.es\/en\/wp-json\/wp\/v2\/comments?post=4710"}],"version-history":[{"count":5,"href":"https:\/\/www.drabrianda.es\/en\/wp-json\/wp\/v2\/pages\/4710\/revisions"}],"predecessor-version":[{"id":4991,"href":"https:\/\/www.drabrianda.es\/en\/wp-json\/wp\/v2\/pages\/4710\/revisions\/4991"}],"up":[{"embeddable":true,"href":"https:\/\/www.drabrianda.es\/en\/wp-json\/wp\/v2\/pages\/4583"}],"wp:attachment":[{"href":"https:\/\/www.drabrianda.es\/en\/wp-json\/wp\/v2\/media?parent=4710"}],"curies":[{"name":"wp","href":"https:\/\/api.w.org\/{rel}","templated":true}]}}