{"id":4627,"date":"2024-12-03T16:11:34","date_gmt":"2024-12-03T16:11:34","guid":{"rendered":"https:\/\/www.drabrianda.es\/before-and-after\/lifting-de-labio\/"},"modified":"2024-12-25T19:54:58","modified_gmt":"2024-12-25T19:54:58","slug":"lip-lift","status":"publish","type":"page","link":"https:\/\/www.drabrianda.es\/en\/before-and-after\/lip-lift\/","title":{"rendered":"Lip Lift"},"content":{"rendered":"\t\t<div data-elementor-type=\"wp-page\" data-elementor-id=\"4627\" class=\"elementor elementor-4627 elementor-4407\" data-elementor-post-type=\"page\">\n\t\t\t\t\t\t<section class=\"elementor-section elementor-top-section elementor-element elementor-element-65b53d7a elementor-section-boxed elementor-section-height-default elementor-section-height-default\" data-id=\"65b53d7a\" data-element_type=\"section\" data-e-type=\"section\" data-settings=\"{&quot;background_background&quot;:&quot;classic&quot;}\">\n\t\t\t\t\t\t<div class=\"elementor-container elementor-column-gap-default\">\n\t\t\t\t\t<div class=\"elementor-column elementor-col-100 elementor-top-column elementor-element elementor-element-63dc6b96\" data-id=\"63dc6b96\" data-element_type=\"column\" data-e-type=\"column\">\n\t\t\t<div class=\"elementor-widget-wrap elementor-element-populated\">\n\t\t\t\t\t\t<div class=\"elementor-element elementor-element-5d35e0d5 elementor-widget elementor-widget-heading\" data-id=\"5d35e0d5\" data-element_type=\"widget\" data-e-type=\"widget\" data-widget_type=\"heading.default\">\n\t\t\t\t\t<h1 class=\"elementor-heading-title elementor-size-default\">Before and After Photos of Lip Lift<\/h1>\t\t\t\t<\/div>\n\t\t\t\t<div class=\"elementor-element elementor-element-785a16df elementor-widget elementor-widget-heading\" data-id=\"785a16df\" data-element_type=\"widget\" data-e-type=\"widget\" data-widget_type=\"heading.default\">\n\t\t\t\t\t<h3 class=\"elementor-heading-title elementor-size-default\">Real Cases of Dr. Brianda Hurtado de Mendoza<\/h3>\t\t\t\t<\/div>\n\t\t\t\t\t<\/div>\n\t\t<\/div>\n\t\t\t\t\t<\/div>\n\t\t<\/section>\n\t\t\t\t<section class=\"elementor-section elementor-top-section elementor-element elementor-element-69028e0c elementor-section-content-middle elementor-section-boxed elementor-section-height-default elementor-section-height-default\" data-id=\"69028e0c\" data-element_type=\"section\" data-e-type=\"section\">\n\t\t\t\t\t\t<div class=\"elementor-container elementor-column-gap-no\">\n\t\t\t\t\t<div class=\"elementor-column elementor-col-100 elementor-top-column elementor-element elementor-element-62f23b26\" data-id=\"62f23b26\" data-element_type=\"column\" data-e-type=\"column\">\n\t\t\t<div class=\"elementor-widget-wrap elementor-element-populated\">\n\t\t\t\t\t\t<div class=\"elementor-element elementor-element-169d4de elementor-widget elementor-widget-heading\" data-id=\"169d4de\" data-element_type=\"widget\" data-e-type=\"widget\" data-widget_type=\"heading.default\">\n\t\t\t\t\t<h2 class=\"elementor-heading-title elementor-size-default\">Case 1<\/h2>\t\t\t\t<\/div>\n\t\t\t\t<div class=\"elementor-element elementor-element-3355f5b gallery-spacing-custom elementor-widget elementor-widget-image-gallery\" data-id=\"3355f5b\" data-element_type=\"widget\" data-e-type=\"widget\" data-widget_type=\"image-gallery.default\">\n\t\t\t\t\t\t\t<div class=\"elementor-image-gallery\">\n\t\t\t<div id='gallery-1' class='gallery galleryid-4627 gallery-columns-3 gallery-size-large'><figure class='gallery-item'>\n\t\t\t<div class='gallery-icon landscape'>\n\t\t\t\t<a data-elementor-open-lightbox=\"yes\" data-elementor-lightbox-slideshow=\"3355f5b\" data-elementor-lightbox-title=\"IMG_1996\" data-e-action-hash=\"#elementor-action%3Aaction%3Dlightbox%26settings%3DeyJpZCI6NDQxMCwidXJsIjoiaHR0cHM6XC9cL3d3dy5kcmFicmlhbmRhLmVzXC93cC1jb250ZW50XC91cGxvYWRzXC8yMDI0XC8xMlwvSU1HXzE5OTYuanBnIiwic2xpZGVzaG93IjoiMzM1NWY1YiJ9\" href='https:\/\/www.drabrianda.es\/wp-content\/uploads\/2024\/12\/IMG_1996.jpg'><img fetchpriority=\"high\" decoding=\"async\" width=\"1024\" height=\"543\" src=\"https:\/\/www.drabrianda.es\/wp-content\/uploads\/2024\/12\/IMG_1996-1024x543.jpg\" class=\"attachment-large size-large\" alt=\"Lifting de labio\" srcset=\"https:\/\/www.drabrianda.es\/wp-content\/uploads\/2024\/12\/IMG_1996-1024x543.jpg 1024w, https:\/\/www.drabrianda.es\/wp-content\/uploads\/2024\/12\/IMG_1996-300x159.jpg 300w, https:\/\/www.drabrianda.es\/wp-content\/uploads\/2024\/12\/IMG_1996-768x407.jpg 768w, https:\/\/www.drabrianda.es\/wp-content\/uploads\/2024\/12\/IMG_1996.jpg 1271w\" sizes=\"(max-width: 1024px) 100vw, 1024px\" \/><\/a>\n\t\t\t<\/div><\/figure><figure class='gallery-item'>\n\t\t\t<div class='gallery-icon landscape'>\n\t\t\t\t<a data-elementor-open-lightbox=\"yes\" data-elementor-lightbox-slideshow=\"3355f5b\" data-elementor-lightbox-title=\"Screenshot\" data-e-action-hash=\"#elementor-action%3Aaction%3Dlightbox%26settings%3DeyJpZCI6NDQxMiwidXJsIjoiaHR0cHM6XC9cL3d3dy5kcmFicmlhbmRhLmVzXC93cC1jb250ZW50XC91cGxvYWRzXC8yMDI0XC8xMlwvSU1HXzIwMTAuanBnIiwic2xpZGVzaG93IjoiMzM1NWY1YiJ9\" href='https:\/\/www.drabrianda.es\/wp-content\/uploads\/2024\/12\/IMG_2010.jpg'><img decoding=\"async\" width=\"1024\" height=\"1020\" src=\"https:\/\/www.drabrianda.es\/wp-content\/uploads\/2024\/12\/IMG_2010-1024x1020.jpg\" class=\"attachment-large size-large\" alt=\"Lifting de labio\" aria-describedby=\"gallery-1-4412\" srcset=\"https:\/\/www.drabrianda.es\/wp-content\/uploads\/2024\/12\/IMG_2010-1024x1020.jpg 1024w, https:\/\/www.drabrianda.es\/wp-content\/uploads\/2024\/12\/IMG_2010-300x300.jpg 300w, https:\/\/www.drabrianda.es\/wp-content\/uploads\/2024\/12\/IMG_2010-150x150.jpg 150w, https:\/\/www.drabrianda.es\/wp-content\/uploads\/2024\/12\/IMG_2010-768x765.jpg 768w, https:\/\/www.drabrianda.es\/wp-content\/uploads\/2024\/12\/IMG_2010.jpg 1282w\" sizes=\"(max-width: 1024px) 100vw, 1024px\" \/><\/a>\n\t\t\t<\/div>\n\t\t\t\t<figcaption class='wp-caption-text gallery-caption' id='gallery-1-4412'>\n\t\t\t\tScreenshot\n\t\t\t\t<\/figcaption><\/figure>\n\t\t<\/div>\n\t\t<\/div>\n\t\t\t\t\t\t<\/div>\n\t\t\t\t\t<\/div>\n\t\t<\/div>\n\t\t\t\t\t<\/div>\n\t\t<\/section>\n\t\t\t\t<\/div>\n\t\t","protected":false},"excerpt":{"rendered":"<p>Before and After Photos of Lip Lift Real Cases of Dr. Brianda Hurtado de Mendoza Case 1 Screenshot<\/p>\n","protected":false},"author":1,"featured_media":0,"parent":4583,"menu_order":0,"comment_status":"closed","ping_status":"closed","template":"elementor_header_footer","meta":{"site-sidebar-layout":"no-sidebar","site-content-layout":"page-builder","ast-site-content-layout":"full-width-container","site-content-style":"default","site-sidebar-style":"default","ast-global-header-display":"","ast-banner-title-visibility":"","ast-main-header-display":"","ast-hfb-above-header-display":"","ast-hfb-below-header-display":"","ast-hfb-mobile-header-display":"","site-post-title":"disabled","ast-breadcrumbs-content":"","ast-featured-img":"disabled","footer-sml-layout":"","ast-disable-related-posts":"","theme-transparent-header-meta":"default","adv-header-id-meta":"","stick-header-meta":"","header-above-stick-meta":"","header-main-stick-meta":"","header-below-stick-meta":"","astra-migrate-meta-layouts":"set","ast-page-background-enabled":"default","ast-page-background-meta":{"desktop":{"background-color":"","background-image":"","background-repeat":"repeat","background-position":"center center","background-size":"auto","background-attachment":"scroll","background-type":"","background-media":"","overlay-type":"","overlay-color":"","overlay-opacity":"","overlay-gradient":""},"tablet":{"background-color":"","background-image":"","background-repeat":"repeat","background-position":"center center","background-size":"auto","background-attachment":"scroll","background-type":"","background-media":"","overlay-type":"","overlay-color":"","overlay-opacity":"","overlay-gradient":""},"mobile":{"background-color":"","background-image":"","background-repeat":"repeat","background-position":"center center","background-size":"auto","background-attachment":"scroll","background-type":"","background-media":"","overlay-type":"","overlay-color":"","overlay-opacity":"","overlay-gradient":""}},"ast-content-background-meta":{"desktop":{"background-color":"var(--ast-global-color-5)","background-image":"","background-repeat":"repeat","background-position":"center center","background-size":"auto","background-attachment":"scroll","background-type":"","background-media":"","overlay-type":"","overlay-color":"","overlay-opacity":"","overlay-gradient":""},"tablet":{"background-color":"var(--ast-global-color-5)","background-image":"","background-repeat":"repeat","background-position":"center center","background-size":"auto","background-attachment":"scroll","background-type":"","background-media":"","overlay-type":"","overlay-color":"","overlay-opacity":"","overlay-gradient":""},"mobile":{"background-color":"var(--ast-global-color-5)","background-image":"","background-repeat":"repeat","background-position":"center center","background-size":"auto","background-attachment":"scroll","background-type":"","background-media":"","overlay-type":"","overlay-color":"","overlay-opacity":"","overlay-gradient":""}},"_joinchat":[],"footnotes":""},"class_list":["post-4627","page","type-page","status-publish","hentry"],"yoast_head":"<!-- This site is optimized with the Yoast SEO plugin v27.4 - https:\/\/yoast.com\/product\/yoast-seo-wordpress\/ -->\n<title>Lip Lift - Doctora Brianda<\/title>\n<meta name=\"description\" content=\"Lip Lift Before and After Photos. Plastic Surgery Before and After Image Gallery.\" \/>\n<meta name=\"robots\" content=\"index, follow, max-snippet:-1, max-image-preview:large, max-video-preview:-1\" \/>\n<link rel=\"canonical\" href=\"https:\/\/www.drabrianda.es\/en\/before-and-after\/lip-lift\/\" \/>\n<meta property=\"og:locale\" content=\"en_US\" \/>\n<meta property=\"og:type\" content=\"article\" \/>\n<meta property=\"og:title\" content=\"Lip Lift - Doctora Brianda\" \/>\n<meta property=\"og:description\" content=\"Lip Lift Before and After Photos. Plastic Surgery Before and After Image Gallery.\" \/>\n<meta property=\"og:url\" content=\"https:\/\/www.drabrianda.es\/en\/before-and-after\/lip-lift\/\" \/>\n<meta property=\"og:site_name\" content=\"Doctora Brianda\" \/>\n<meta property=\"article:modified_time\" content=\"2024-12-25T19:54:58+00:00\" \/>\n<meta property=\"og:image\" content=\"https:\/\/www.drabrianda.es\/wp-content\/uploads\/2024\/12\/IMG_1996-1024x543.jpg\" \/>\n<meta name=\"twitter:card\" content=\"summary_large_image\" \/>\n<meta name=\"twitter:label1\" content=\"Est. reading time\" \/>\n\t<meta name=\"twitter:data1\" content=\"1 minute\" \/>\n<script type=\"application\/ld+json\" class=\"yoast-schema-graph\">{\"@context\":\"https:\\\/\\\/schema.org\",\"@graph\":[{\"@type\":\"WebPage\",\"@id\":\"https:\\\/\\\/www.drabrianda.es\\\/en\\\/before-and-after\\\/lip-lift\\\/\",\"url\":\"https:\\\/\\\/www.drabrianda.es\\\/en\\\/before-and-after\\\/lip-lift\\\/\",\"name\":\"Lip Lift - Doctora Brianda\",\"isPartOf\":{\"@id\":\"https:\\\/\\\/www.drabrianda.es\\\/#website\"},\"primaryImageOfPage\":{\"@id\":\"https:\\\/\\\/www.drabrianda.es\\\/en\\\/before-and-after\\\/lip-lift\\\/#primaryimage\"},\"image\":{\"@id\":\"https:\\\/\\\/www.drabrianda.es\\\/en\\\/before-and-after\\\/lip-lift\\\/#primaryimage\"},\"thumbnailUrl\":\"https:\\\/\\\/www.drabrianda.es\\\/wp-content\\\/uploads\\\/2024\\\/12\\\/IMG_1996-1024x543.jpg\",\"datePublished\":\"2024-12-03T16:11:34+00:00\",\"dateModified\":\"2024-12-25T19:54:58+00:00\",\"description\":\"Lip Lift Before and After Photos. Plastic Surgery Before and After Image Gallery.\",\"breadcrumb\":{\"@id\":\"https:\\\/\\\/www.drabrianda.es\\\/en\\\/before-and-after\\\/lip-lift\\\/#breadcrumb\"},\"inLanguage\":\"en-US\",\"potentialAction\":[{\"@type\":\"ReadAction\",\"target\":[\"https:\\\/\\\/www.drabrianda.es\\\/en\\\/before-and-after\\\/lip-lift\\\/\"]}]},{\"@type\":\"ImageObject\",\"inLanguage\":\"en-US\",\"@id\":\"https:\\\/\\\/www.drabrianda.es\\\/en\\\/before-and-after\\\/lip-lift\\\/#primaryimage\",\"url\":\"https:\\\/\\\/www.drabrianda.es\\\/wp-content\\\/uploads\\\/2024\\\/12\\\/IMG_1996-1024x543.jpg\",\"contentUrl\":\"https:\\\/\\\/www.drabrianda.es\\\/wp-content\\\/uploads\\\/2024\\\/12\\\/IMG_1996-1024x543.jpg\"},{\"@type\":\"BreadcrumbList\",\"@id\":\"https:\\\/\\\/www.drabrianda.es\\\/en\\\/before-and-after\\\/lip-lift\\\/#breadcrumb\",\"itemListElement\":[{\"@type\":\"ListItem\",\"position\":1,\"name\":\"Portada\",\"item\":\"https:\\\/\\\/www.drabrianda.es\\\/\"},{\"@type\":\"ListItem\",\"position\":2,\"name\":\"Before and after\",\"item\":\"https:\\\/\\\/www.drabrianda.es\\\/en\\\/before-and-after\\\/\"},{\"@type\":\"ListItem\",\"position\":3,\"name\":\"Lip Lift\"}]},{\"@type\":\"WebSite\",\"@id\":\"https:\\\/\\\/www.drabrianda.es\\\/#website\",\"url\":\"https:\\\/\\\/www.drabrianda.es\\\/\",\"name\":\"Doctora Brianda\",\"description\":\"Cirug\u00eda Pl\u00e1stica M\u00e1laga y Marbella\",\"publisher\":{\"@id\":\"https:\\\/\\\/www.drabrianda.es\\\/#organization\"},\"potentialAction\":[{\"@type\":\"SearchAction\",\"target\":{\"@type\":\"EntryPoint\",\"urlTemplate\":\"https:\\\/\\\/www.drabrianda.es\\\/?s={search_term_string}\"},\"query-input\":{\"@type\":\"PropertyValueSpecification\",\"valueRequired\":true,\"valueName\":\"search_term_string\"}}],\"inLanguage\":\"en-US\"},{\"@type\":\"Organization\",\"@id\":\"https:\\\/\\\/www.drabrianda.es\\\/#organization\",\"name\":\"Doctora Brianda\",\"url\":\"https:\\\/\\\/www.drabrianda.es\\\/\",\"logo\":{\"@type\":\"ImageObject\",\"inLanguage\":\"en-US\",\"@id\":\"https:\\\/\\\/www.drabrianda.es\\\/#\\\/schema\\\/logo\\\/image\\\/\",\"url\":\"https:\\\/\\\/www.drabrianda.es\\\/wp-content\\\/uploads\\\/2018\\\/10\\\/logo-brianda-mendoza-1.png\",\"contentUrl\":\"https:\\\/\\\/www.drabrianda.es\\\/wp-content\\\/uploads\\\/2018\\\/10\\\/logo-brianda-mendoza-1.png\",\"width\":300,\"height\":101,\"caption\":\"Doctora Brianda\"},\"image\":{\"@id\":\"https:\\\/\\\/www.drabrianda.es\\\/#\\\/schema\\\/logo\\\/image\\\/\"}}]}<\/script>\n<!-- \/ Yoast SEO plugin. -->","yoast_head_json":{"title":"Lip Lift - Doctora Brianda","description":"Lip Lift Before and After Photos. Plastic Surgery Before and After Image Gallery.","robots":{"index":"index","follow":"follow","max-snippet":"max-snippet:-1","max-image-preview":"max-image-preview:large","max-video-preview":"max-video-preview:-1"},"canonical":"https:\/\/www.drabrianda.es\/en\/before-and-after\/lip-lift\/","og_locale":"en_US","og_type":"article","og_title":"Lip Lift - Doctora Brianda","og_description":"Lip Lift Before and After Photos. Plastic Surgery Before and After Image Gallery.","og_url":"https:\/\/www.drabrianda.es\/en\/before-and-after\/lip-lift\/","og_site_name":"Doctora Brianda","article_modified_time":"2024-12-25T19:54:58+00:00","og_image":[{"url":"https:\/\/www.drabrianda.es\/wp-content\/uploads\/2024\/12\/IMG_1996-1024x543.jpg","type":"","width":"","height":""}],"twitter_card":"summary_large_image","twitter_misc":{"Est. reading time":"1 minute"},"schema":{"@context":"https:\/\/schema.org","@graph":[{"@type":"WebPage","@id":"https:\/\/www.drabrianda.es\/en\/before-and-after\/lip-lift\/","url":"https:\/\/www.drabrianda.es\/en\/before-and-after\/lip-lift\/","name":"Lip Lift - Doctora Brianda","isPartOf":{"@id":"https:\/\/www.drabrianda.es\/#website"},"primaryImageOfPage":{"@id":"https:\/\/www.drabrianda.es\/en\/before-and-after\/lip-lift\/#primaryimage"},"image":{"@id":"https:\/\/www.drabrianda.es\/en\/before-and-after\/lip-lift\/#primaryimage"},"thumbnailUrl":"https:\/\/www.drabrianda.es\/wp-content\/uploads\/2024\/12\/IMG_1996-1024x543.jpg","datePublished":"2024-12-03T16:11:34+00:00","dateModified":"2024-12-25T19:54:58+00:00","description":"Lip Lift Before and After Photos. Plastic Surgery Before and After Image Gallery.","breadcrumb":{"@id":"https:\/\/www.drabrianda.es\/en\/before-and-after\/lip-lift\/#breadcrumb"},"inLanguage":"en-US","potentialAction":[{"@type":"ReadAction","target":["https:\/\/www.drabrianda.es\/en\/before-and-after\/lip-lift\/"]}]},{"@type":"ImageObject","inLanguage":"en-US","@id":"https:\/\/www.drabrianda.es\/en\/before-and-after\/lip-lift\/#primaryimage","url":"https:\/\/www.drabrianda.es\/wp-content\/uploads\/2024\/12\/IMG_1996-1024x543.jpg","contentUrl":"https:\/\/www.drabrianda.es\/wp-content\/uploads\/2024\/12\/IMG_1996-1024x543.jpg"},{"@type":"BreadcrumbList","@id":"https:\/\/www.drabrianda.es\/en\/before-and-after\/lip-lift\/#breadcrumb","itemListElement":[{"@type":"ListItem","position":1,"name":"Portada","item":"https:\/\/www.drabrianda.es\/"},{"@type":"ListItem","position":2,"name":"Before and after","item":"https:\/\/www.drabrianda.es\/en\/before-and-after\/"},{"@type":"ListItem","position":3,"name":"Lip Lift"}]},{"@type":"WebSite","@id":"https:\/\/www.drabrianda.es\/#website","url":"https:\/\/www.drabrianda.es\/","name":"Doctora Brianda","description":"Cirug\u00eda Pl\u00e1stica M\u00e1laga y Marbella","publisher":{"@id":"https:\/\/www.drabrianda.es\/#organization"},"potentialAction":[{"@type":"SearchAction","target":{"@type":"EntryPoint","urlTemplate":"https:\/\/www.drabrianda.es\/?s={search_term_string}"},"query-input":{"@type":"PropertyValueSpecification","valueRequired":true,"valueName":"search_term_string"}}],"inLanguage":"en-US"},{"@type":"Organization","@id":"https:\/\/www.drabrianda.es\/#organization","name":"Doctora Brianda","url":"https:\/\/www.drabrianda.es\/","logo":{"@type":"ImageObject","inLanguage":"en-US","@id":"https:\/\/www.drabrianda.es\/#\/schema\/logo\/image\/","url":"https:\/\/www.drabrianda.es\/wp-content\/uploads\/2018\/10\/logo-brianda-mendoza-1.png","contentUrl":"https:\/\/www.drabrianda.es\/wp-content\/uploads\/2018\/10\/logo-brianda-mendoza-1.png","width":300,"height":101,"caption":"Doctora Brianda"},"image":{"@id":"https:\/\/www.drabrianda.es\/#\/schema\/logo\/image\/"}}]}},"_links":{"self":[{"href":"https:\/\/www.drabrianda.es\/en\/wp-json\/wp\/v2\/pages\/4627","targetHints":{"allow":["GET"]}}],"collection":[{"href":"https:\/\/www.drabrianda.es\/en\/wp-json\/wp\/v2\/pages"}],"about":[{"href":"https:\/\/www.drabrianda.es\/en\/wp-json\/wp\/v2\/types\/page"}],"author":[{"embeddable":true,"href":"https:\/\/www.drabrianda.es\/en\/wp-json\/wp\/v2\/users\/1"}],"replies":[{"embeddable":true,"href":"https:\/\/www.drabrianda.es\/en\/wp-json\/wp\/v2\/comments?post=4627"}],"version-history":[{"count":6,"href":"https:\/\/www.drabrianda.es\/en\/wp-json\/wp\/v2\/pages\/4627\/revisions"}],"predecessor-version":[{"id":4997,"href":"https:\/\/www.drabrianda.es\/en\/wp-json\/wp\/v2\/pages\/4627\/revisions\/4997"}],"up":[{"embeddable":true,"href":"https:\/\/www.drabrianda.es\/en\/wp-json\/wp\/v2\/pages\/4583"}],"wp:attachment":[{"href":"https:\/\/www.drabrianda.es\/en\/wp-json\/wp\/v2\/media?parent=4627"}],"curies":[{"name":"wp","href":"https:\/\/api.w.org\/{rel}","templated":true}]}}