{"id":1572,"date":"2018-03-20T11:28:28","date_gmt":"2018-03-20T11:28:28","guid":{"rendered":"https:\/\/www.drabrianda.es\/politica-de-cookies\/"},"modified":"2018-03-20T11:47:14","modified_gmt":"2018-03-20T11:47:14","slug":"cookies-policy","status":"publish","type":"page","link":"https:\/\/www.drabrianda.es\/en\/cookies-policy\/","title":{"rendered":"Cookies policy"},"content":{"rendered":"<p>&nbsp;<\/p>\n<p>Le informamos que utilizamos cookies propias y de terceros para ofrecerte un mejor servicio, de acuerdo con tus h\u00e1bitos de navegaci\u00f3n. Si continuas navegando, consideramos que aceptas su uso. Puedes consultar nuestra Pol\u00edtica de Cookies aqu\u00ed:<\/p>\n<p>Tipos de Cookies<\/p>\n<ul>\n<li>Seg\u00fan su gestor se pueden distinguir 2 tipos: cookies propias y cookies de terceros.<\/li>\n<li>Seg\u00fan el plazo de tiempo que permanecen almacenadas en el navegador, pueden ser cookies de sesi\u00f3n o cookies persistentes.<\/li>\n<li>Seg\u00fan la finalidad por la cual se obtienen los datos, encontramos: cookies t\u00e9cnicas, cookies de personalizaci\u00f3n, cookies de an\u00e1lisis, cookies publicitarias y cookies de publicidad.<\/li>\n<\/ul>\n<p>\u00bfQu\u00e9 tipos de cookies utiliza esta p\u00e1gina web?<\/p>\n<ul>\n<li>Cookies Propias:<br \/>\n\u2013 Estrictamente necesarias para la prestaci\u00f3n de determinados servicios solicitados expresamente por el usuario: si se desactivan estas cookies, es posible que no pueda recibir correctamente nuestros contenidos y servicios.<\/li>\n<li>Cookies de Terceros:<br \/>\n\u2013 Anal\u00edticas para el seguimiento y an\u00e1lisis estad\u00edstico del comportamiento del conjunto de los usuarios.<\/li>\n<\/ul>\n<table>\n<tbody>\n<tr>\n<td>Nombre del proveedor<\/td>\n<td>Finalidad de la cookie<\/td>\n<td>Descripci\u00f3n de la finalidad de la cookie<\/td>\n<td>Si desea m\u00e1s informaci\u00f3n sobre el uso de las cookies de este tercero<\/td>\n<\/tr>\n<tr>\n<td colspan=\"4\">COOKIES PROPIAS<\/td>\n<\/tr>\n<tr>\n<td>Estrictamente necesarias<\/td>\n<td>Sesi\u00f3n, registro, datos del carro de compra, datos lista deseos.<\/td>\n<td>Gesti\u00f3n del registro. Prestar servicios de la sociedad de la informaci\u00f3n solicitados por el usuario y conforme a los t\u00e9rminos y condiciones aplicables.<\/td>\n<td>N\/A<\/td>\n<\/tr>\n<tr>\n<td colspan=\"4\">COOKIES DE TERCEROS<\/td>\n<\/tr>\n<tr>\n<td>Google Analytics<\/td>\n<td>Obtener informaci\u00f3n de la navegaci\u00f3n, medir y analizar.<\/td>\n<td>Mejorar el uso de las p\u00e1ginas, detectar necesidades e introducir mejoras para prestar un mejor servicio.<\/td>\n<td><u>https:\/\/developers.google.com\/analytics\/devguides\/collection\/analyticsjs\/cookie-usage<\/u><\/td>\n<\/tr>\n<tr>\n<td>Facebook<\/td>\n<td>Es una red social que permite el intercambio de contenido.<\/td>\n<td>Permite visualizar contenido relevante de esta red social para el usuario.<\/td>\n<td><u>https:\/\/www.facebook.com\/help\/cookies<\/u><\/td>\n<\/tr>\n<tr>\n<td>Google+<\/td>\n<td>Es una red social que permite el intercambio de contenido.<\/td>\n<td>Permite visualizar contenido relevante de esta red social para el usuario.<\/td>\n<td><u>http:\/\/www.google.es\/intl\/es\/policies\/technologies\/cookies\/<\/u><\/td>\n<\/tr>\n<\/tbody>\n<\/table>\n<p>Revocaci\u00f3n y eliminaci\u00f3n de cookies<\/p>\n<p>Usted puede permitir, bloquear o eliminar las cookies instaladas en su equipo mediante la configuraci\u00f3n de las opciones del navegador instalado en su ordenador, en caso de que no permita la instalaci\u00f3n de cookies en su navegador es posible que no pueda acceder a alguna de las secciones de nuestra web.<\/p>\n<ul>\n<li>Para m\u00e1s informaci\u00f3n sobre como bloquear el uso de cookies en el Navegador Firefox puede hacerlo a trav\u00e9s de:<br \/>\n<u>http:\/\/support.mozilla.org\/es\/products\/firefox\/privacy-and-security\/cookies<\/u><\/li>\n<li>Para m\u00e1s informaci\u00f3n sobre como bloquear el uso de cookies en el Navegador Chrome puede hacerlo a trav\u00e9s de:<br \/>\n<u>http:\/\/support.google.com\/chrome\/bin\/answer.py?hl=es&amp;answer=95647<\/u><\/li>\n<li>Para m\u00e1s informaci\u00f3n sobre como bloquear el uso de cookies en el Navegador Explorer puede hacerlo a trav\u00e9s de:<br \/>\n<u>http:\/\/windows.microsoft.com\/es-es\/internet-explorer\/delete-manage-cookies<\/u><\/li>\n<li>Para m\u00e1s informaci\u00f3n sobre como bloquear el uso de cookies en el Navegador Safari puede hacerlo a trav\u00e9s de:<br \/>\n<u>http:\/\/support.apple.com\/kb\/ph5042<\/u><\/li>\n<\/ul>\n","protected":false},"excerpt":{"rendered":"<p>&nbsp; Le informamos que utilizamos cookies propias y de terceros para ofrecerte un mejor servicio, de acuerdo con tus h\u00e1bitos de navegaci\u00f3n. Si continuas navegando, consideramos que aceptas su uso. Puedes consultar nuestra Pol\u00edtica de Cookies aqu\u00ed: Tipos de Cookies Seg\u00fan su gestor se pueden distinguir 2 tipos: cookies propias y cookies de terceros. Seg\u00fan [&hellip;]<\/p>\n","protected":false},"author":1,"featured_media":0,"parent":0,"menu_order":0,"comment_status":"closed","ping_status":"closed","template":"","meta":{"site-sidebar-layout":"no-sidebar","site-content-layout":"default","ast-site-content-layout":"default","site-content-style":"default","site-sidebar-style":"default","ast-global-header-display":"","ast-banner-title-visibility":"","ast-main-header-display":"","ast-hfb-above-header-display":"","ast-hfb-below-header-display":"","ast-hfb-mobile-header-display":"","site-post-title":"","ast-breadcrumbs-content":"","ast-featured-img":"","footer-sml-layout":"","ast-disable-related-posts":"","theme-transparent-header-meta":"default","adv-header-id-meta":"","stick-header-meta":"","header-above-stick-meta":"","header-main-stick-meta":"","header-below-stick-meta":"","astra-migrate-meta-layouts":"default","ast-page-background-enabled":"default","ast-page-background-meta":{"desktop":{"background-color":"","background-image":"","background-repeat":"repeat","background-position":"center center","background-size":"auto","background-attachment":"scroll","background-type":"","background-media":"","overlay-type":"","overlay-color":"","overlay-opacity":"","overlay-gradient":""},"tablet":{"background-color":"","background-image":"","background-repeat":"repeat","background-position":"center center","background-size":"auto","background-attachment":"scroll","background-type":"","background-media":"","overlay-type":"","overlay-color":"","overlay-opacity":"","overlay-gradient":""},"mobile":{"background-color":"","background-image":"","background-repeat":"repeat","background-position":"center center","background-size":"auto","background-attachment":"scroll","background-type":"","background-media":"","overlay-type":"","overlay-color":"","overlay-opacity":"","overlay-gradient":""}},"ast-content-background-meta":{"desktop":{"background-color":"var(--ast-global-color-5)","background-image":"","background-repeat":"repeat","background-position":"center center","background-size":"auto","background-attachment":"scroll","background-type":"","background-media":"","overlay-type":"","overlay-color":"","overlay-opacity":"","overlay-gradient":""},"tablet":{"background-color":"var(--ast-global-color-5)","background-image":"","background-repeat":"repeat","background-position":"center center","background-size":"auto","background-attachment":"scroll","background-type":"","background-media":"","overlay-type":"","overlay-color":"","overlay-opacity":"","overlay-gradient":""},"mobile":{"background-color":"var(--ast-global-color-5)","background-image":"","background-repeat":"repeat","background-position":"center center","background-size":"auto","background-attachment":"scroll","background-type":"","background-media":"","overlay-type":"","overlay-color":"","overlay-opacity":"","overlay-gradient":""}},"_joinchat":[],"footnotes":""},"class_list":["post-1572","page","type-page","status-publish","hentry"],"yoast_head":"<!-- This site is optimized with the Yoast SEO plugin v27.4 - https:\/\/yoast.com\/product\/yoast-seo-wordpress\/ -->\n<title>Cookies policy - Doctora Brianda<\/title>\n<meta name=\"robots\" content=\"noindex, nofollow\" \/>\n<meta property=\"og:locale\" content=\"en_US\" \/>\n<meta property=\"og:type\" content=\"article\" \/>\n<meta property=\"og:title\" content=\"Cookies policy - Doctora Brianda\" \/>\n<meta property=\"og:description\" content=\"&nbsp; Le informamos que utilizamos cookies propias y de terceros para ofrecerte un mejor servicio, de acuerdo con tus h\u00e1bitos de navegaci\u00f3n. Si continuas navegando, consideramos que aceptas su uso. Puedes consultar nuestra Pol\u00edtica de Cookies aqu\u00ed: Tipos de Cookies Seg\u00fan su gestor se pueden distinguir 2 tipos: cookies propias y cookies de terceros. Seg\u00fan [&hellip;]\" \/>\n<meta property=\"og:url\" content=\"https:\/\/www.drabrianda.es\/en\/cookies-policy\/\" \/>\n<meta property=\"og:site_name\" content=\"Doctora Brianda\" \/>\n<meta property=\"article:modified_time\" content=\"2018-03-20T11:47:14+00:00\" \/>\n<meta name=\"twitter:card\" content=\"summary_large_image\" \/>\n<meta name=\"twitter:label1\" content=\"Est. reading time\" \/>\n\t<meta name=\"twitter:data1\" content=\"3 minutes\" \/>\n<script type=\"application\/ld+json\" class=\"yoast-schema-graph\">{\"@context\":\"https:\\\/\\\/schema.org\",\"@graph\":[{\"@type\":\"WebPage\",\"@id\":\"https:\\\/\\\/www.drabrianda.es\\\/en\\\/cookies-policy\\\/\",\"url\":\"https:\\\/\\\/www.drabrianda.es\\\/en\\\/cookies-policy\\\/\",\"name\":\"Cookies policy - Doctora Brianda\",\"isPartOf\":{\"@id\":\"https:\\\/\\\/www.drabrianda.es\\\/#website\"},\"datePublished\":\"2018-03-20T11:28:28+00:00\",\"dateModified\":\"2018-03-20T11:47:14+00:00\",\"breadcrumb\":{\"@id\":\"https:\\\/\\\/www.drabrianda.es\\\/en\\\/cookies-policy\\\/#breadcrumb\"},\"inLanguage\":\"en-US\",\"potentialAction\":[{\"@type\":\"ReadAction\",\"target\":[\"https:\\\/\\\/www.drabrianda.es\\\/en\\\/cookies-policy\\\/\"]}]},{\"@type\":\"BreadcrumbList\",\"@id\":\"https:\\\/\\\/www.drabrianda.es\\\/en\\\/cookies-policy\\\/#breadcrumb\",\"itemListElement\":[{\"@type\":\"ListItem\",\"position\":1,\"name\":\"Portada\",\"item\":\"https:\\\/\\\/www.drabrianda.es\\\/\"},{\"@type\":\"ListItem\",\"position\":2,\"name\":\"Cookies policy\"}]},{\"@type\":\"WebSite\",\"@id\":\"https:\\\/\\\/www.drabrianda.es\\\/#website\",\"url\":\"https:\\\/\\\/www.drabrianda.es\\\/\",\"name\":\"Doctora Brianda\",\"description\":\"Cirug\u00eda Pl\u00e1stica M\u00e1laga y Marbella\",\"publisher\":{\"@id\":\"https:\\\/\\\/www.drabrianda.es\\\/#organization\"},\"potentialAction\":[{\"@type\":\"SearchAction\",\"target\":{\"@type\":\"EntryPoint\",\"urlTemplate\":\"https:\\\/\\\/www.drabrianda.es\\\/?s={search_term_string}\"},\"query-input\":{\"@type\":\"PropertyValueSpecification\",\"valueRequired\":true,\"valueName\":\"search_term_string\"}}],\"inLanguage\":\"en-US\"},{\"@type\":\"Organization\",\"@id\":\"https:\\\/\\\/www.drabrianda.es\\\/#organization\",\"name\":\"Doctora Brianda\",\"url\":\"https:\\\/\\\/www.drabrianda.es\\\/\",\"logo\":{\"@type\":\"ImageObject\",\"inLanguage\":\"en-US\",\"@id\":\"https:\\\/\\\/www.drabrianda.es\\\/#\\\/schema\\\/logo\\\/image\\\/\",\"url\":\"https:\\\/\\\/www.drabrianda.es\\\/wp-content\\\/uploads\\\/2018\\\/10\\\/logo-brianda-mendoza-1.png\",\"contentUrl\":\"https:\\\/\\\/www.drabrianda.es\\\/wp-content\\\/uploads\\\/2018\\\/10\\\/logo-brianda-mendoza-1.png\",\"width\":300,\"height\":101,\"caption\":\"Doctora Brianda\"},\"image\":{\"@id\":\"https:\\\/\\\/www.drabrianda.es\\\/#\\\/schema\\\/logo\\\/image\\\/\"}}]}<\/script>\n<!-- \/ Yoast SEO plugin. -->","yoast_head_json":{"title":"Cookies policy - Doctora Brianda","robots":{"index":"noindex","follow":"nofollow"},"og_locale":"en_US","og_type":"article","og_title":"Cookies policy - Doctora Brianda","og_description":"&nbsp; Le informamos que utilizamos cookies propias y de terceros para ofrecerte un mejor servicio, de acuerdo con tus h\u00e1bitos de navegaci\u00f3n. Si continuas navegando, consideramos que aceptas su uso. Puedes consultar nuestra Pol\u00edtica de Cookies aqu\u00ed: Tipos de Cookies Seg\u00fan su gestor se pueden distinguir 2 tipos: cookies propias y cookies de terceros. Seg\u00fan [&hellip;]","og_url":"https:\/\/www.drabrianda.es\/en\/cookies-policy\/","og_site_name":"Doctora Brianda","article_modified_time":"2018-03-20T11:47:14+00:00","twitter_card":"summary_large_image","twitter_misc":{"Est. reading time":"3 minutes"},"schema":{"@context":"https:\/\/schema.org","@graph":[{"@type":"WebPage","@id":"https:\/\/www.drabrianda.es\/en\/cookies-policy\/","url":"https:\/\/www.drabrianda.es\/en\/cookies-policy\/","name":"Cookies policy - Doctora Brianda","isPartOf":{"@id":"https:\/\/www.drabrianda.es\/#website"},"datePublished":"2018-03-20T11:28:28+00:00","dateModified":"2018-03-20T11:47:14+00:00","breadcrumb":{"@id":"https:\/\/www.drabrianda.es\/en\/cookies-policy\/#breadcrumb"},"inLanguage":"en-US","potentialAction":[{"@type":"ReadAction","target":["https:\/\/www.drabrianda.es\/en\/cookies-policy\/"]}]},{"@type":"BreadcrumbList","@id":"https:\/\/www.drabrianda.es\/en\/cookies-policy\/#breadcrumb","itemListElement":[{"@type":"ListItem","position":1,"name":"Portada","item":"https:\/\/www.drabrianda.es\/"},{"@type":"ListItem","position":2,"name":"Cookies policy"}]},{"@type":"WebSite","@id":"https:\/\/www.drabrianda.es\/#website","url":"https:\/\/www.drabrianda.es\/","name":"Doctora Brianda","description":"Cirug\u00eda Pl\u00e1stica M\u00e1laga y Marbella","publisher":{"@id":"https:\/\/www.drabrianda.es\/#organization"},"potentialAction":[{"@type":"SearchAction","target":{"@type":"EntryPoint","urlTemplate":"https:\/\/www.drabrianda.es\/?s={search_term_string}"},"query-input":{"@type":"PropertyValueSpecification","valueRequired":true,"valueName":"search_term_string"}}],"inLanguage":"en-US"},{"@type":"Organization","@id":"https:\/\/www.drabrianda.es\/#organization","name":"Doctora Brianda","url":"https:\/\/www.drabrianda.es\/","logo":{"@type":"ImageObject","inLanguage":"en-US","@id":"https:\/\/www.drabrianda.es\/#\/schema\/logo\/image\/","url":"https:\/\/www.drabrianda.es\/wp-content\/uploads\/2018\/10\/logo-brianda-mendoza-1.png","contentUrl":"https:\/\/www.drabrianda.es\/wp-content\/uploads\/2018\/10\/logo-brianda-mendoza-1.png","width":300,"height":101,"caption":"Doctora Brianda"},"image":{"@id":"https:\/\/www.drabrianda.es\/#\/schema\/logo\/image\/"}}]}},"_links":{"self":[{"href":"https:\/\/www.drabrianda.es\/en\/wp-json\/wp\/v2\/pages\/1572","targetHints":{"allow":["GET"]}}],"collection":[{"href":"https:\/\/www.drabrianda.es\/en\/wp-json\/wp\/v2\/pages"}],"about":[{"href":"https:\/\/www.drabrianda.es\/en\/wp-json\/wp\/v2\/types\/page"}],"author":[{"embeddable":true,"href":"https:\/\/www.drabrianda.es\/en\/wp-json\/wp\/v2\/users\/1"}],"replies":[{"embeddable":true,"href":"https:\/\/www.drabrianda.es\/en\/wp-json\/wp\/v2\/comments?post=1572"}],"version-history":[{"count":0,"href":"https:\/\/www.drabrianda.es\/en\/wp-json\/wp\/v2\/pages\/1572\/revisions"}],"wp:attachment":[{"href":"https:\/\/www.drabrianda.es\/en\/wp-json\/wp\/v2\/media?parent=1572"}],"curies":[{"name":"wp","href":"https:\/\/api.w.org\/{rel}","templated":true}]}}