{"id":1403,"date":"2018-03-09T09:31:37","date_gmt":"2018-03-09T09:31:37","guid":{"rendered":"https:\/\/www.drabrianda.es\/aumento-labios-rellenos\/"},"modified":"2018-03-12T15:05:15","modified_gmt":"2018-03-12T15:05:15","slug":"fillers","status":"publish","type":"page","link":"https:\/\/www.drabrianda.es\/en\/fillers\/","title":{"rendered":"Fillers"},"content":{"rendered":"<p>[vc_row content_placement=&#8221;top&#8221; css=&#8221;.vc_custom_1516810768192{padding-top: 80px !important;padding-bottom: 40px !important;}&#8221;][vc_column css=&#8221;.vc_custom_1516810980933{padding-bottom: 50px !important;}&#8221; offset=&#8221;vc_col-lg-6 vc_col-md-6&#8243;][ultimate_heading main_heading=&#8221;Dermal Fillers&#8221; alignment=&#8221;left&#8221; main_heading_style=&#8221;font-weight:bold;&#8221; main_heading_font_size=&#8221;desktop:24px;&#8221; main_heading_line_height=&#8221;desktop:34px;&#8221; main_heading_margin=&#8221;margin-bottom:20px;&#8221; margin_design_tab_text=&#8221;&#8221;][\/ultimate_heading][vc_column_text css=&#8221;.vc_custom_1520866969121{padding-bottom: 20px !important;}&#8221;]Many methods and substances have been used to treat facial wrinkles and to conceal the effects of aging on the face. In addition to formal surgical procedures, laser treatment and botulinum toxin there are a large number of fillers available which can be injected as an outpatient. These are the subject of this information sheet.<\/p>\n<p><strong>Types<\/strong>: Dermal fillers may be biocompatible or synthetic and are marketed alone or in combination.<\/p>\n<p>Biocompatible fillers have a perceived safety record and are reabsorbable. However the period of benefit is of limited duration normally lasting about 6 months. Synthetic fillers are permanent but are associated with rejection, migration and granuloma formation and are unable to change with the ageing face. In the case of an adverse reaction removal is almost impossible to achieve. There are few indications in current practice for the injection of synthetic fillers to the correct lines and effects of ageing.<\/p>\n<p>They are included for reference rather than recommendation.[\/vc_column_text][dt_default_button link=&#8221;url:%23contact|||&#8221; size=&#8221;medium&#8221;]Ask for an Appointment[\/dt_default_button][\/vc_column][vc_column css=&#8221;.vc_custom_1516810989200{padding-bottom: 50px !important;}&#8221; offset=&#8221;vc_col-lg-6 vc_col-md-6&#8243;][dt_fancy_image image_id=&#8221;1333&#8243; width=&#8221;800&#8243; height=&#8221;500&#8243;][dt_before_after image_1=&#8221;1336&#8243; image_2=&#8221;1335&#8243;][\/vc_column][\/vc_row][vc_row equal_height=&#8221;yes&#8221; bg_type=&#8221;grad&#8221; bg_override=&#8221;ex-full&#8221; css=&#8221;.vc_custom_1515090720842{padding-top: 40px !important;padding-bottom: 30px !important;}&#8221; bg_grad=&#8221;background: -webkit-gradient(linear, left top, left bottom, color-stop(0%, #0C5D9A), color-stop(100%, #3DB4EF));background: -moz-linear-gradient(left,#0C5D9A 0%,#3DB4EF 100%);background: -webkit-linear-gradient(left,#0C5D9A 0%,#3DB4EF 100%);background: -o-linear-gradient(left,#0C5D9A 0%,#3DB4EF 100%);background: -ms-linear-gradient(left,#0C5D9A 0%,#3DB4EF 100%);background: linear-gradient(left,#0C5D9A 0%,#3DB4EF 100%);&#8221;][vc_column width=&#8221;1\/2&#8243; css=&#8221;.vc_custom_1509564154759{padding-top: 10px !important;}&#8221; offset=&#8221;vc_hidden-sm vc_hidden-xs&#8221;][ultimate_heading main_heading=&#8221;Contact us&#8221; main_heading_color=&#8221;rgba(255,255,255,0.5)&#8221; alignment=&#8221;right&#8221; main_heading_style=&#8221;font-weight:bold;&#8221; main_heading_font_size=&#8221;desktop:32px;tablet:24px;&#8221; main_heading_line_height=&#8221;desktop:42px;tablet:34px;&#8221; margin_design_tab_text=&#8221;&#8221;][\/ultimate_heading][\/vc_column][vc_column offset=&#8221;vc_col-lg-6 vc_col-md-6 vc_hidden-sm vc_hidden-xs&#8221;][bsf-info-box icon=&#8221;icomoon-font-awesome-14&#215;14-phone-square&#8221; icon_size=&#8221;52&#8243; icon_color=&#8221;#ffffff&#8221; icon_style=&#8221;advanced&#8221; icon_color_bg=&#8221;&#8221; icon_border_spacing=&#8221;60&#8243; title=&#8221;952 60 22 60&#8243; pos=&#8221;left&#8221; el_class=&#8221;dt-phone&#8221; title_font_style=&#8221;font-weight:bold;&#8221; css_info_box=&#8221;.vc_custom_1520349186802{margin-bottom: 0px !important;padding-bottom: 0px !important;}&#8221; title_font_size=&#8221;desktop:48px;tablet:40px;mobile_landscape:30px;&#8221; title_font_line_height=&#8221;desktop:58px;tablet:50px;mobile_landscape:40px;&#8221; title_font_color=&#8221;#ffffff&#8221;][\/bsf-info-box][\/vc_column][vc_column offset=&#8221;vc_hidden-lg vc_hidden-md&#8221;][bsf-info-box icon=&#8221;icomoon-font-awesome-14&#215;14-phone-square&#8221; icon_size=&#8221;52&#8243; icon_color=&#8221;#ffffff&#8221; icon_style=&#8221;advanced&#8221; icon_color_bg=&#8221;&#8221; icon_border_spacing=&#8221;60&#8243; title=&#8221;952 60 22 60&#8243; pos=&#8221;top&#8221; el_class=&#8221;dt-phone&#8221; title_font_style=&#8221;font-weight:bold;&#8221; desc_font_style=&#8221;font-weight:bold;&#8221; css_info_box=&#8221;.vc_custom_1520866992942{margin-bottom: 0px !important;padding-bottom: 0px !important;}&#8221; title_font_size=&#8221;desktop:42px;mobile_landscape:32px;&#8221; title_font_line_height=&#8221;desktop:42px;mobile_landscape:32px;&#8221; title_font_color=&#8221;#ffffff&#8221; desc_font_size=&#8221;desktop:24px;mobile_landscape:20px;&#8221; desc_font_line_height=&#8221;desktop:34px;mobile_landscape:30px;&#8221; desc_font_color=&#8221;rgba(255,255,255,0.5)&#8221;]Contact us[\/bsf-info-box][\/vc_column][\/vc_row][vc_row equal_height=&#8221;yes&#8221; css=&#8221;.vc_custom_1515174864595{padding-top: 80px !important;padding-bottom: 90px !important;}&#8221; el_id=&#8221;about&#8221;][vc_column offset=&#8221;vc_col-lg-offset-2 vc_col-lg-8 vc_col-md-offset-1 vc_col-md-10 vc_col-sm-offset-0&#8243; css=&#8221;.vc_custom_1515174686807{padding-bottom: 50px !important;}&#8221;][ultimate_heading main_heading=&#8221;LIPS FILLERS&#8221; spacer=&#8221;line_with_icon&#8221; spacer_position=&#8221;middle&#8221; line_height=&#8221;3&#8243; line_color=&#8221;#3db3ef&#8221; icon=&#8221;icomoon-font-awesome-14&#215;14-chevron-down&#8221; icon_size=&#8221;18&#8243; line_width=&#8221;150&#8243; main_heading_style=&#8221;font-weight:bold;&#8221; main_heading_font_size=&#8221;desktop:40px;mobile_landscape:30px;&#8221; main_heading_line_height=&#8221;desktop:50px;mobile_landscape:40px;&#8221; el_class=&#8221;accent-border-color accent-icon-color&#8221; sub_heading_font_size=&#8221;desktop:22px;&#8221; sub_heading_line_height=&#8221;desktop:34px;&#8221; margin_design_tab_text=&#8221;&#8221;][\/ultimate_heading][\/vc_column][vc_column offset=&#8221;vc_col-lg-offset-2 vc_col-lg-8 vc_col-md-offset-1 vc_col-md-10 vc_col-sm-offset-0&#8243;][vc_column_text]Ideally the effects of a filler should last about 12 months. This allows reasonable respite from the injections and also enables accommodation of changes in the face which may occur with continued ageing.<\/p>\n<p><strong>Collagen<\/strong><\/p>\n<p>Collagen implants are prepared from three sources: bovine, human or autologous.<\/p>\n<p>Collagen synthesis may also be increased by fibroblast stimulation or injection of cultured cells.<\/p>\n<p><strong>Bovine Preparations<\/strong>\u2013 This comes in a highly purified or monomolecular form in different concentrations and mixed with local anaesthetic. A test dose is required as approximately 3% of patients demonstrate sensitivity and another 1% will develop sensitivity with treatment. In most patients it will be completely resorbed within 3 to 6 months.<\/p>\n<p><strong>Human Preparations<\/strong>\u2013 These are a preparation of human collagen, elastic fibres and other dermal components from screened donors. No pre-treatment skin testing is necessary and the effects last from 3 to 12 months.<\/p>\n<p><strong>Autologous Preparations<\/strong>\u2013 These require skin harvest, which is processed into a collagen suspension for injection and requires 2-3 treatments over a 3 month period.<\/p>\n<p>This is reported to provide greater than 75% correction for more than a year.<\/p>\n<p><strong>Injectable Fibroblasts\u00a0<\/strong>can be cultured from a small skin biopsy and following a test dose at one month a series of 3 injections is given at 2 week intervals. Gradual improvement occurs over 6 months and repeat injections can be prepared as required from the original biopsy.<\/p>\n<p><strong>Polylatic acid\u00a0<\/strong>stimulates fibroblast production. The effect takes 4 to 6 weeks to achieve but can last for years. This should not be injected superficially as obvious fibrous nodules can result which may be difficult to treat.<\/p>\n<p><strong>Hyaluronic Acid<\/strong><\/p>\n<p>Hyaluronic acid preparations (hyaluronan) are obtained by bacterial synthesis or from an avian source and are cross linked to varying degrees to maximise viscoelasticity and persistence. They last between 6 and 9 months and although well tolerated there is a 1% incidence of adverse reactions including granulomatous inflammation and sterile abscesses.<\/p>\n<h2>Synthetic Permanent Dermal Fillers<\/h2>\n<p><strong>Methylmethacrylate\u00a0<\/strong>has been used for many years as bone cement for joint replacement surgery. However in the skin redness, inflammation and infection may occur. One preparation utilises Methylmethacrylate microspheres suspended in bovine collagen whilst an alternative suspends them in Hyaluronic acid. These are intended to permit even distribution of the microspheres prior to absorption of the collagen or Hyaluronic acid. A series of injections are required to achieve the final result and allergic reactions to collagen may occur.<\/p>\n<p><strong>Polyacrylamide Gel\u00a0<\/strong>is used alone or in combination with polyvinyl microspheres.<\/p>\n<p>The injected volume is reported to diminish by one third post injection and then build up again over the next 2 months. The augmentation is supposed to be permanent but additional injections may be required. This augmentation tends to stay soft but Polyacrylamide gel can act as a reservoir for bacteria and has been associated with a significant delayed infection rate.<\/p>\n<p><strong>Silicone Injections\u00a0<\/strong>are banned in most countries but are still used in France and Italy.<\/p>\n<p>Although giving apparently excellent initial results, migration and inflammation are almost inevitable and the surgery then required is likely to result in much greater aesthetic deformity than that leading to the initial treatment.[\/vc_column_text][\/vc_column][\/vc_row][vc_row full_width=&#8221;stretch_row_content_no_spaces&#8221; equal_height=&#8221;yes&#8221; content_placement=&#8221;middle&#8221; css=&#8221;.vc_custom_1512553530714{background-position: center !important;background-repeat: no-repeat !important;background-size: cover !important;}&#8221; el_id=&#8221;contact&#8221;][vc_column css=&#8221;.vc_custom_1520415163331{padding-top: 80px !important;padding-right: 100px !important;padding-bottom: 80px !important;padding-left: 100px !important;background-image: url(https:\/\/www.drabrianda.es\/wp-content\/uploads\/2018\/03\/Dra-Brianda-Hurtado-de-Mendoza-3-911&#215;1030.jpg?id=1209) !important;background-position: center !important;background-repeat: no-repeat !important;background-size: cover !important;}&#8221; offset=&#8221;vc_col-lg-6 vc_col-md-6&#8243;][dt_fancy_image image_id=&#8221;1023&#8243; width=&#8221;406&#8243; height=&#8221;406&#8243;][\/vc_column][vc_column css=&#8221;.vc_custom_1515161509957{padding-top: 80px !important;padding-bottom: 80px !important;background-color: #f7f7f7 !important;}&#8221; offset=&#8221;vc_col-lg-6 vc_col-md-6&#8243;][vc_row_inner][vc_column_inner width=&#8221;5\/6&#8243; offset=&#8221;vc_col-lg-offset-2 vc_col-lg-8 vc_col-md-offset-1 vc_col-md-10 vc_col-sm-offset-1&#8243; css=&#8221;.vc_custom_1509347144158{padding-right: 20px !important;padding-left: 20px !important;}&#8221;][ultimate_heading main_heading=&#8221;Ask for an Appointment&#8221; spacer=&#8221;line_with_icon&#8221; spacer_position=&#8221;middle&#8221; line_height=&#8221;3&#8243; line_color=&#8221;#3db3ef&#8221; icon=&#8221;icomoon-font-awesome-14&#215;14-chevron-down&#8221; icon_size=&#8221;18&#8243; line_width=&#8221;150&#8243; main_heading_style=&#8221;font-weight:bold;&#8221; main_heading_font_size=&#8221;desktop:40px;mobile_landscape:30px;&#8221; main_heading_line_height=&#8221;desktop:50px;mobile_landscape:40px;&#8221; spacer_margin=&#8221;margin-bottom:35px;&#8221; el_class=&#8221;accent-border-color accent-icon-color&#8221; sub_heading_font_size=&#8221;desktop:22px;&#8221; sub_heading_line_height=&#8221;desktop:34px;&#8221;][\/ultimate_heading][vc_column_text css=&#8221;.vc_custom_1520858896796{padding-bottom: 30px !important;}&#8221;]<\/p>\n<p style=\"text-align: center;\">Contact us<\/p>\n<p>[\/vc_column_text][vc_column_text]\n<div class=\"wpcf7 no-js\" id=\"wpcf7-f1431-o1\" lang=\"es-ES\" dir=\"ltr\" data-wpcf7-id=\"1431\">\n<div class=\"screen-reader-response\"><p role=\"status\" aria-live=\"polite\" aria-atomic=\"true\"><\/p> <ul><\/ul><\/div>\n<form action=\"\/en\/wp-json\/wp\/v2\/pages\/1403#wpcf7-f1431-o1\" method=\"post\" class=\"wpcf7-form init\" aria-label=\"Formulario de contacto\" novalidate=\"novalidate\" data-status=\"init\">\n<fieldset class=\"hidden-fields-container\"><input type=\"hidden\" name=\"_wpcf7\" value=\"1431\" \/><input type=\"hidden\" name=\"_wpcf7_version\" value=\"6.1.5\" \/><input type=\"hidden\" name=\"_wpcf7_locale\" value=\"es_ES\" \/><input type=\"hidden\" name=\"_wpcf7_unit_tag\" value=\"wpcf7-f1431-o1\" \/><input type=\"hidden\" name=\"_wpcf7_container_post\" value=\"0\" \/><input type=\"hidden\" name=\"_wpcf7_posted_data_hash\" value=\"\" \/><input type=\"hidden\" name=\"_wpcf7_recaptcha_response\" value=\"\" \/>\n<\/fieldset>\n<p><label> Name (required)<br \/>\n<span class=\"wpcf7-form-control-wrap\" data-name=\"your-name\"><input size=\"40\" maxlength=\"400\" class=\"wpcf7-form-control wpcf7-text wpcf7-validates-as-required\" aria-required=\"true\" aria-invalid=\"false\" value=\"\" type=\"text\" name=\"your-name\" \/><\/span> <\/label>\n<\/p>\n<p><label> Email (required)<br \/>\n<span class=\"wpcf7-form-control-wrap\" data-name=\"your-email\"><input size=\"40\" maxlength=\"400\" class=\"wpcf7-form-control wpcf7-email wpcf7-validates-as-required wpcf7-text wpcf7-validates-as-email\" aria-required=\"true\" aria-invalid=\"false\" value=\"\" type=\"email\" name=\"your-email\" \/><\/span> <\/label>\n<\/p>\n<p><label> Phone (required)<br \/>\n<span class=\"wpcf7-form-control-wrap\" data-name=\"phone\"><input size=\"40\" maxlength=\"400\" class=\"wpcf7-form-control wpcf7-tel wpcf7-validates-as-required wpcf7-text wpcf7-validates-as-tel\" aria-required=\"true\" aria-invalid=\"false\" value=\"\" type=\"tel\" name=\"phone\" \/><\/span> <\/label>\n<\/p>\n<p><label> Coment<br \/>\n<span class=\"wpcf7-form-control-wrap\" data-name=\"your-message\"><textarea cols=\"40\" rows=\"10\" maxlength=\"2000\" class=\"wpcf7-form-control wpcf7-textarea\" aria-invalid=\"false\" name=\"your-message\"><\/textarea><\/span> <\/label>\n<\/p>\n<p><input class=\"wpcf7-form-control wpcf7-submit has-spinner\" type=\"submit\" value=\"Send\" \/>\n<\/p>\n<p><span class=\"wpcf7-form-control-wrap\" data-name=\"avisolegal\"><span class=\"wpcf7-form-control wpcf7-acceptance\"><span class=\"wpcf7-list-item\"><input type=\"checkbox\" name=\"avisolegal\" value=\"1\" aria-invalid=\"false\" \/><\/span><\/span><\/span>I accept the <a rel=\"nofollow\" href=\"https:\/\/www.drabrianda.es\/en\/privacy-policy\/\" target=\"_blank\">Privacy Policy<\/a>\n<\/p><div class=\"wpcf7-response-output\" aria-hidden=\"true\"><\/div>\n<\/form>\n<\/div>\n[\/vc_column_text][\/vc_column_inner][\/vc_row_inner][\/vc_column][\/vc_row]<\/p>\n","protected":false},"excerpt":{"rendered":"<p>[vc_row content_placement=&#8221;top&#8221; css=&#8221;.vc_custom_1516810768192{padding-top: 80px !important;padding-bottom: 40px !important;}&#8221;][vc_column css=&#8221;.vc_custom_1516810980933{padding-bottom: 50px !important;}&#8221; offset=&#8221;vc_col-lg-6 vc_col-md-6&#8243;][ultimate_heading main_heading=&#8221;Dermal Fillers&#8221; alignment=&#8221;left&#8221; main_heading_style=&#8221;font-weight:bold;&#8221; main_heading_font_size=&#8221;desktop:24px;&#8221; main_heading_line_height=&#8221;desktop:34px;&#8221; main_heading_margin=&#8221;margin-bottom:20px;&#8221; margin_design_tab_text=&#8221;&#8221;][\/ultimate_heading][vc_column_text css=&#8221;.vc_custom_1520866969121{padding-bottom: 20px !important;}&#8221;]Many methods and substances have been used to treat facial wrinkles and to conceal the effects of aging on the face. In addition to formal surgical procedures, laser treatment and botulinum toxin there [&hellip;]<\/p>\n","protected":false},"author":1,"featured_media":0,"parent":0,"menu_order":0,"comment_status":"closed","ping_status":"closed","template":"elementor_header_footer","meta":{"site-sidebar-layout":"no-sidebar","site-content-layout":"page-builder","ast-site-content-layout":"default","site-content-style":"default","site-sidebar-style":"default","ast-global-header-display":"","ast-banner-title-visibility":"","ast-main-header-display":"","ast-hfb-above-header-display":"","ast-hfb-below-header-display":"","ast-hfb-mobile-header-display":"","site-post-title":"disabled","ast-breadcrumbs-content":"","ast-featured-img":"disabled","footer-sml-layout":"","ast-disable-related-posts":"","theme-transparent-header-meta":"default","adv-header-id-meta":"","stick-header-meta":"","header-above-stick-meta":"","header-main-stick-meta":"","header-below-stick-meta":"","astra-migrate-meta-layouts":"default","ast-page-background-enabled":"default","ast-page-background-meta":{"desktop":{"background-color":"","background-image":"","background-repeat":"repeat","background-position":"center center","background-size":"auto","background-attachment":"scroll","background-type":"","background-media":"","overlay-type":"","overlay-color":"","overlay-opacity":"","overlay-gradient":""},"tablet":{"background-color":"","background-image":"","background-repeat":"repeat","background-position":"center center","background-size":"auto","background-attachment":"scroll","background-type":"","background-media":"","overlay-type":"","overlay-color":"","overlay-opacity":"","overlay-gradient":""},"mobile":{"background-color":"","background-image":"","background-repeat":"repeat","background-position":"center center","background-size":"auto","background-attachment":"scroll","background-type":"","background-media":"","overlay-type":"","overlay-color":"","overlay-opacity":"","overlay-gradient":""}},"ast-content-background-meta":{"desktop":{"background-color":"var(--ast-global-color-5)","background-image":"","background-repeat":"repeat","background-position":"center center","background-size":"auto","background-attachment":"scroll","background-type":"","background-media":"","overlay-type":"","overlay-color":"","overlay-opacity":"","overlay-gradient":""},"tablet":{"background-color":"var(--ast-global-color-5)","background-image":"","background-repeat":"repeat","background-position":"center center","background-size":"auto","background-attachment":"scroll","background-type":"","background-media":"","overlay-type":"","overlay-color":"","overlay-opacity":"","overlay-gradient":""},"mobile":{"background-color":"var(--ast-global-color-5)","background-image":"","background-repeat":"repeat","background-position":"center center","background-size":"auto","background-attachment":"scroll","background-type":"","background-media":"","overlay-type":"","overlay-color":"","overlay-opacity":"","overlay-gradient":""}},"_joinchat":[],"footnotes":""},"class_list":["post-1403","page","type-page","status-publish","hentry"],"yoast_head":"<!-- This site is optimized with the Yoast SEO plugin v27.4 - https:\/\/yoast.com\/product\/yoast-seo-wordpress\/ -->\n<title>Fillers &amp; Lip Enhancer Fillers Treatment in Marbella and Malaga<\/title>\n<meta name=\"description\" content=\"Dr Brianda Mendoza provide quality Fillers including Dermal Fillers and Lip Fillers in Marbella and Malaga. Get your Cosmetic Lip Filler Treatment Online!\" \/>\n<meta name=\"robots\" content=\"index, follow, max-snippet:-1, max-image-preview:large, max-video-preview:-1\" \/>\n<link rel=\"canonical\" href=\"https:\/\/www.drabrianda.es\/en\/fillers\/\" \/>\n<meta property=\"og:locale\" content=\"en_US\" \/>\n<meta property=\"og:type\" content=\"article\" \/>\n<meta property=\"og:title\" content=\"Fillers &amp; Lip Enhancer Fillers Treatment in Marbella and Malaga\" \/>\n<meta property=\"og:description\" content=\"Dr Brianda Mendoza provide quality Fillers including Dermal Fillers and Lip Fillers in Marbella and Malaga. Get your Cosmetic Lip Filler Treatment Online!\" \/>\n<meta property=\"og:url\" content=\"https:\/\/www.drabrianda.es\/en\/fillers\/\" \/>\n<meta property=\"og:site_name\" content=\"Doctora Brianda\" \/>\n<meta property=\"article:modified_time\" content=\"2018-03-12T15:05:15+00:00\" \/>\n<meta name=\"twitter:card\" content=\"summary_large_image\" \/>\n<meta name=\"twitter:label1\" content=\"Est. reading time\" \/>\n\t<meta name=\"twitter:data1\" content=\"7 minutes\" \/>\n<script type=\"application\/ld+json\" class=\"yoast-schema-graph\">{\"@context\":\"https:\\\/\\\/schema.org\",\"@graph\":[{\"@type\":\"WebPage\",\"@id\":\"https:\\\/\\\/www.drabrianda.es\\\/en\\\/fillers\\\/\",\"url\":\"https:\\\/\\\/www.drabrianda.es\\\/en\\\/fillers\\\/\",\"name\":\"Fillers & Lip Enhancer Fillers Treatment in Marbella and Malaga\",\"isPartOf\":{\"@id\":\"https:\\\/\\\/www.drabrianda.es\\\/#website\"},\"datePublished\":\"2018-03-09T09:31:37+00:00\",\"dateModified\":\"2018-03-12T15:05:15+00:00\",\"description\":\"Dr Brianda Mendoza provide quality Fillers including Dermal Fillers and Lip Fillers in Marbella and Malaga. Get your Cosmetic Lip Filler Treatment Online!\",\"breadcrumb\":{\"@id\":\"https:\\\/\\\/www.drabrianda.es\\\/en\\\/fillers\\\/#breadcrumb\"},\"inLanguage\":\"en-US\",\"potentialAction\":[{\"@type\":\"ReadAction\",\"target\":[\"https:\\\/\\\/www.drabrianda.es\\\/en\\\/fillers\\\/\"]}]},{\"@type\":\"BreadcrumbList\",\"@id\":\"https:\\\/\\\/www.drabrianda.es\\\/en\\\/fillers\\\/#breadcrumb\",\"itemListElement\":[{\"@type\":\"ListItem\",\"position\":1,\"name\":\"Portada\",\"item\":\"https:\\\/\\\/www.drabrianda.es\\\/\"},{\"@type\":\"ListItem\",\"position\":2,\"name\":\"Fillers\"}]},{\"@type\":\"WebSite\",\"@id\":\"https:\\\/\\\/www.drabrianda.es\\\/#website\",\"url\":\"https:\\\/\\\/www.drabrianda.es\\\/\",\"name\":\"Doctora Brianda\",\"description\":\"Cirug\u00eda Pl\u00e1stica M\u00e1laga y Marbella\",\"publisher\":{\"@id\":\"https:\\\/\\\/www.drabrianda.es\\\/#organization\"},\"potentialAction\":[{\"@type\":\"SearchAction\",\"target\":{\"@type\":\"EntryPoint\",\"urlTemplate\":\"https:\\\/\\\/www.drabrianda.es\\\/?s={search_term_string}\"},\"query-input\":{\"@type\":\"PropertyValueSpecification\",\"valueRequired\":true,\"valueName\":\"search_term_string\"}}],\"inLanguage\":\"en-US\"},{\"@type\":\"Organization\",\"@id\":\"https:\\\/\\\/www.drabrianda.es\\\/#organization\",\"name\":\"Doctora Brianda\",\"url\":\"https:\\\/\\\/www.drabrianda.es\\\/\",\"logo\":{\"@type\":\"ImageObject\",\"inLanguage\":\"en-US\",\"@id\":\"https:\\\/\\\/www.drabrianda.es\\\/#\\\/schema\\\/logo\\\/image\\\/\",\"url\":\"https:\\\/\\\/www.drabrianda.es\\\/wp-content\\\/uploads\\\/2018\\\/10\\\/logo-brianda-mendoza-1.png\",\"contentUrl\":\"https:\\\/\\\/www.drabrianda.es\\\/wp-content\\\/uploads\\\/2018\\\/10\\\/logo-brianda-mendoza-1.png\",\"width\":300,\"height\":101,\"caption\":\"Doctora Brianda\"},\"image\":{\"@id\":\"https:\\\/\\\/www.drabrianda.es\\\/#\\\/schema\\\/logo\\\/image\\\/\"}}]}<\/script>\n<!-- \/ Yoast SEO plugin. -->","yoast_head_json":{"title":"Fillers & Lip Enhancer Fillers Treatment in Marbella and Malaga","description":"Dr Brianda Mendoza provide quality Fillers including Dermal Fillers and Lip Fillers in Marbella and Malaga. Get your Cosmetic Lip Filler Treatment Online!","robots":{"index":"index","follow":"follow","max-snippet":"max-snippet:-1","max-image-preview":"max-image-preview:large","max-video-preview":"max-video-preview:-1"},"canonical":"https:\/\/www.drabrianda.es\/en\/fillers\/","og_locale":"en_US","og_type":"article","og_title":"Fillers & Lip Enhancer Fillers Treatment in Marbella and Malaga","og_description":"Dr Brianda Mendoza provide quality Fillers including Dermal Fillers and Lip Fillers in Marbella and Malaga. Get your Cosmetic Lip Filler Treatment Online!","og_url":"https:\/\/www.drabrianda.es\/en\/fillers\/","og_site_name":"Doctora Brianda","article_modified_time":"2018-03-12T15:05:15+00:00","twitter_card":"summary_large_image","twitter_misc":{"Est. reading time":"7 minutes"},"schema":{"@context":"https:\/\/schema.org","@graph":[{"@type":"WebPage","@id":"https:\/\/www.drabrianda.es\/en\/fillers\/","url":"https:\/\/www.drabrianda.es\/en\/fillers\/","name":"Fillers & Lip Enhancer Fillers Treatment in Marbella and Malaga","isPartOf":{"@id":"https:\/\/www.drabrianda.es\/#website"},"datePublished":"2018-03-09T09:31:37+00:00","dateModified":"2018-03-12T15:05:15+00:00","description":"Dr Brianda Mendoza provide quality Fillers including Dermal Fillers and Lip Fillers in Marbella and Malaga. Get your Cosmetic Lip Filler Treatment Online!","breadcrumb":{"@id":"https:\/\/www.drabrianda.es\/en\/fillers\/#breadcrumb"},"inLanguage":"en-US","potentialAction":[{"@type":"ReadAction","target":["https:\/\/www.drabrianda.es\/en\/fillers\/"]}]},{"@type":"BreadcrumbList","@id":"https:\/\/www.drabrianda.es\/en\/fillers\/#breadcrumb","itemListElement":[{"@type":"ListItem","position":1,"name":"Portada","item":"https:\/\/www.drabrianda.es\/"},{"@type":"ListItem","position":2,"name":"Fillers"}]},{"@type":"WebSite","@id":"https:\/\/www.drabrianda.es\/#website","url":"https:\/\/www.drabrianda.es\/","name":"Doctora Brianda","description":"Cirug\u00eda Pl\u00e1stica M\u00e1laga y Marbella","publisher":{"@id":"https:\/\/www.drabrianda.es\/#organization"},"potentialAction":[{"@type":"SearchAction","target":{"@type":"EntryPoint","urlTemplate":"https:\/\/www.drabrianda.es\/?s={search_term_string}"},"query-input":{"@type":"PropertyValueSpecification","valueRequired":true,"valueName":"search_term_string"}}],"inLanguage":"en-US"},{"@type":"Organization","@id":"https:\/\/www.drabrianda.es\/#organization","name":"Doctora Brianda","url":"https:\/\/www.drabrianda.es\/","logo":{"@type":"ImageObject","inLanguage":"en-US","@id":"https:\/\/www.drabrianda.es\/#\/schema\/logo\/image\/","url":"https:\/\/www.drabrianda.es\/wp-content\/uploads\/2018\/10\/logo-brianda-mendoza-1.png","contentUrl":"https:\/\/www.drabrianda.es\/wp-content\/uploads\/2018\/10\/logo-brianda-mendoza-1.png","width":300,"height":101,"caption":"Doctora Brianda"},"image":{"@id":"https:\/\/www.drabrianda.es\/#\/schema\/logo\/image\/"}}]}},"_links":{"self":[{"href":"https:\/\/www.drabrianda.es\/en\/wp-json\/wp\/v2\/pages\/1403","targetHints":{"allow":["GET"]}}],"collection":[{"href":"https:\/\/www.drabrianda.es\/en\/wp-json\/wp\/v2\/pages"}],"about":[{"href":"https:\/\/www.drabrianda.es\/en\/wp-json\/wp\/v2\/types\/page"}],"author":[{"embeddable":true,"href":"https:\/\/www.drabrianda.es\/en\/wp-json\/wp\/v2\/users\/1"}],"replies":[{"embeddable":true,"href":"https:\/\/www.drabrianda.es\/en\/wp-json\/wp\/v2\/comments?post=1403"}],"version-history":[{"count":0,"href":"https:\/\/www.drabrianda.es\/en\/wp-json\/wp\/v2\/pages\/1403\/revisions"}],"wp:attachment":[{"href":"https:\/\/www.drabrianda.es\/en\/wp-json\/wp\/v2\/media?parent=1403"}],"curies":[{"name":"wp","href":"https:\/\/api.w.org\/{rel}","templated":true}]}}