{"id":1399,"date":"2017-12-06T11:42:00","date_gmt":"2017-12-06T11:42:00","guid":{"rendered":"https:\/\/www.drabrianda.es\/consulta-de-cirugia\/"},"modified":"2025-01-29T14:00:08","modified_gmt":"2025-01-29T14:00:08","slug":"surgery-clinic","status":"publish","type":"page","link":"https:\/\/www.drabrianda.es\/en\/surgery-clinic\/","title":{"rendered":"Surgery clinic"},"content":{"rendered":"\t\t<div data-elementor-type=\"wp-page\" data-elementor-id=\"1399\" class=\"elementor elementor-1399 elementor-1080\" data-elementor-post-type=\"page\">\n\t\t\t\t\t\t<section class=\"elementor-section elementor-top-section elementor-element elementor-element-46c3fb2e elementor-section-boxed elementor-section-height-default elementor-section-height-default\" data-id=\"46c3fb2e\" data-element_type=\"section\" data-e-type=\"section\">\n\t\t\t\t\t\t<div class=\"elementor-container elementor-column-gap-default\">\n\t\t\t\t\t<div class=\"elementor-column elementor-col-100 elementor-top-column elementor-element elementor-element-14a78b3d\" data-id=\"14a78b3d\" data-element_type=\"column\" data-e-type=\"column\">\n\t\t\t<div class=\"elementor-widget-wrap\">\n\t\t\t\t\t\t\t<\/div>\n\t\t<\/div>\n\t\t\t\t\t<\/div>\n\t\t<\/section>\n\t\t\t\t<section class=\"elementor-section elementor-top-section elementor-element elementor-element-b3bc30f elementor-section-height-min-height elementor-section-content-middle elementor-section-boxed elementor-section-height-default elementor-section-items-middle\" data-id=\"b3bc30f\" data-element_type=\"section\" data-e-type=\"section\" data-settings=\"{&quot;background_background&quot;:&quot;classic&quot;,&quot;shape_divider_bottom&quot;:&quot;waves&quot;}\">\n\t\t\t\t\t\t\t<div class=\"elementor-background-overlay\"><\/div>\n\t\t\t\t\t\t<div class=\"elementor-shape elementor-shape-bottom\" aria-hidden=\"true\" data-negative=\"false\">\n\t\t\t<svg xmlns=\"http:\/\/www.w3.org\/2000\/svg\" viewBox=\"0 0 1000 100\" preserveAspectRatio=\"none\">\n\t<path class=\"elementor-shape-fill\" d=\"M421.9,6.5c22.6-2.5,51.5,0.4,75.5,5.3c23.6,4.9,70.9,23.5,100.5,35.7c75.8,32.2,133.7,44.5,192.6,49.7\n\tc23.6,2.1,48.7,3.5,103.4-2.5c54.7-6,106.2-25.6,106.2-25.6V0H0v30.3c0,0,72,32.6,158.4,30.5c39.2-0.7,92.8-6.7,134-22.4\n\tc21.2-8.1,52.2-18.2,79.7-24.2C399.3,7.9,411.6,7.5,421.9,6.5z\"\/>\n<\/svg>\t\t<\/div>\n\t\t\t\t\t<div class=\"elementor-container elementor-column-gap-default\">\n\t\t\t\t\t<div class=\"elementor-column elementor-col-50 elementor-top-column elementor-element elementor-element-d8b5507\" data-id=\"d8b5507\" data-element_type=\"column\" data-e-type=\"column\">\n\t\t\t<div class=\"elementor-widget-wrap elementor-element-populated\">\n\t\t\t\t\t\t<div class=\"elementor-element elementor-element-e09c56f elementor-widget elementor-widget-heading\" data-id=\"e09c56f\" data-element_type=\"widget\" data-e-type=\"widget\" data-widget_type=\"heading.default\">\n\t\t\t\t\t<h5 class=\"elementor-heading-title elementor-size-default\">You can ask for any questions or book an appointment<\/h5>\t\t\t\t<\/div>\n\t\t\t\t<div class=\"elementor-element elementor-element-30c217e elementor-widget elementor-widget-heading\" data-id=\"30c217e\" data-element_type=\"widget\" data-e-type=\"widget\" data-widget_type=\"heading.default\">\n\t\t\t\t\t<h2 class=\"elementor-heading-title elementor-size-default\">Contact with Dra Brianda\u200b<\/h2>\t\t\t\t<\/div>\n\t\t\t\t\t<\/div>\n\t\t<\/div>\n\t\t\t\t<div class=\"elementor-column elementor-col-50 elementor-top-column elementor-element elementor-element-74f29d8\" data-id=\"74f29d8\" data-element_type=\"column\" data-e-type=\"column\">\n\t\t\t<div class=\"elementor-widget-wrap\">\n\t\t\t\t\t\t\t<\/div>\n\t\t<\/div>\n\t\t\t\t\t<\/div>\n\t\t<\/section>\n\t\t\t\t<section class=\"elementor-section elementor-top-section elementor-element elementor-element-1739410 elementor-section-boxed elementor-section-height-default elementor-section-height-default\" data-id=\"1739410\" data-element_type=\"section\" data-e-type=\"section\">\n\t\t\t\t\t\t<div class=\"elementor-container elementor-column-gap-default\">\n\t\t\t\t\t<div class=\"elementor-column elementor-col-50 elementor-top-column elementor-element elementor-element-42a543b\" data-id=\"42a543b\" data-element_type=\"column\" data-e-type=\"column\" data-settings=\"{&quot;background_background&quot;:&quot;classic&quot;}\">\n\t\t\t<div class=\"elementor-widget-wrap elementor-element-populated\">\n\t\t\t\t\t<div class=\"elementor-background-overlay\"><\/div>\n\t\t\t\t\t\t<div class=\"elementor-element elementor-element-674c932 elementor-widget elementor-widget-text-editor\" data-id=\"674c932\" data-element_type=\"widget\" data-e-type=\"widget\" data-widget_type=\"text-editor.default\">\n\t\t\t\t\t\t\t\t\t<p>Dr. Mendoza will explain you in a quiet and relaxed atmosphere all the necessary information about your problem, as well as the surgical and non surgical options in order to orientate you towards the best treatment.<\/p><p>During the first consultation, the doctor-patient relation will be establish in order to attend the specifications of your problem and create a confidence environment.<\/p><p>The treatment options are unique and individual for each patient and problem, Dr. Mendoza will consider your wishes, always trying to give you the best treatment option to your specific problem. Some expectations are difficult to achieve, but all the efforts will be addressed towards your complete satisfaction with the results.<\/p><p>FIRST CONSULTATION<\/p><ul><li>To know your medical and surgical history<\/li><li>To explain the different alternatives and the results that you can expect.<\/li><li>To discuss the treatment plan and the objectives.<\/li><li>To inform about the treatment, information pamphlets and lecture of the consent.<\/li><li>Cost of treatment (medical and hospital fees)<\/li><\/ul><p>SECOND CONSULTATION<\/p><ul><li>Questions about the consent as well as the signature once all the doubts have been solve.<\/li><li>Medical photography<\/li><li>Program the day of the surgical treatment and the preoperative tests.<\/li><\/ul><p>FOLLOW UP CLINIC<\/p><ul><li>Dressing and check ups following the surgical treatment.<\/li><li>Follow up at 1 week, 1, 3, 6 and 12 months after the initial surgical treatment according to the type of operation.<\/li><li>Follow up of the treatment and objectives.<\/li><li>Follow up of the results and progress<\/li><\/ul>\t\t\t\t\t\t\t\t<\/div>\n\t\t\t\t<div class=\"elementor-element elementor-element-ceedc8b elementor-align-center elementor-widget elementor-widget-button\" data-id=\"ceedc8b\" data-element_type=\"widget\" data-e-type=\"widget\" data-widget_type=\"button.default\">\n\t\t\t\t\t\t\t\t\t\t<a class=\"elementor-button elementor-button-link elementor-size-xl elementor-animation-grow\" href=\"#elementor-action%3Aaction%3Dpopup%3Aopen%26settings%3DeyJpZCI6MjY0MSwidG9nZ2xlIjpmYWxzZX0%3D\">\n\t\t\t\t\t\t<span class=\"elementor-button-content-wrapper\">\n\t\t\t\t\t\t<span class=\"elementor-button-icon\">\n\t\t\t\t<i aria-hidden=\"true\" class=\"fas fa-arrow-right\"><\/i>\t\t\t<\/span>\n\t\t\t\t\t\t\t\t\t<span class=\"elementor-button-text\">Surgery Clinic<\/span>\n\t\t\t\t\t<\/span>\n\t\t\t\t\t<\/a>\n\t\t\t\t\t\t\t\t<\/div>\n\t\t\t\t\t<\/div>\n\t\t<\/div>\n\t\t\t\t<div class=\"elementor-column elementor-col-50 elementor-top-column elementor-element elementor-element-ef827d6\" data-id=\"ef827d6\" data-element_type=\"column\" data-e-type=\"column\" data-settings=\"{&quot;background_background&quot;:&quot;classic&quot;}\">\n\t\t\t<div class=\"elementor-widget-wrap elementor-element-populated\">\n\t\t\t\t\t\t<div class=\"elementor-element elementor-element-2c29d17 elementor-widget elementor-widget-heading\" data-id=\"2c29d17\" data-element_type=\"widget\" data-e-type=\"widget\" data-widget_type=\"heading.default\">\n\t\t\t\t\t<h3 class=\"elementor-heading-title elementor-size-default\">Contact Form<\/h3>\t\t\t\t<\/div>\n\t\t\t\t<div class=\"elementor-element elementor-element-056bd38 elementor-button-align-stretch elementor-widget elementor-widget-form\" data-id=\"056bd38\" data-element_type=\"widget\" data-e-type=\"widget\" data-settings=\"{&quot;step_next_label&quot;:&quot;Siguiente&quot;,&quot;step_previous_label&quot;:&quot;Anterior&quot;,&quot;button_width&quot;:&quot;100&quot;,&quot;step_type&quot;:&quot;number_text&quot;,&quot;step_icon_shape&quot;:&quot;circle&quot;}\" data-widget_type=\"form.default\">\n\t\t\t\t\t\t\t<form class=\"elementor-form\" method=\"post\" name=\"Nuevo formulario\" aria-label=\"Nuevo formulario\">\n\t\t\t<input type=\"hidden\" name=\"post_id\" value=\"1399\"\/>\n\t\t\t<input type=\"hidden\" name=\"form_id\" value=\"056bd38\"\/>\n\t\t\t<input type=\"hidden\" name=\"referer_title\" value=\"Plastic, Aesthetic and Recostructive Surgery Clinic\" \/>\n\n\t\t\t\t\t\t\t<input type=\"hidden\" name=\"queried_id\" value=\"1399\"\/>\n\t\t\t\n\t\t\t<div class=\"elementor-form-fields-wrapper elementor-labels-above\">\n\t\t\t\t\t\t\t\t<div class=\"elementor-field-type-text elementor-field-group elementor-column elementor-field-group-name elementor-col-100\">\n\t\t\t\t\t\t\t\t\t\t\t\t<label for=\"form-field-name\" class=\"elementor-field-label\">\n\t\t\t\t\t\t\t\tName\t\t\t\t\t\t\t<\/label>\n\t\t\t\t\t\t\t\t\t\t\t\t\t\t<input size=\"1\" type=\"text\" name=\"form_fields[name]\" id=\"form-field-name\" class=\"elementor-field elementor-size-sm  elementor-field-textual\" placeholder=\"Name\">\n\t\t\t\t\t\t\t\t\t\t\t<\/div>\n\t\t\t\t\t\t\t\t<div class=\"elementor-field-type-email elementor-field-group elementor-column elementor-field-group-email elementor-col-100 elementor-field-required elementor-mark-required\">\n\t\t\t\t\t\t\t\t\t\t\t\t<label for=\"form-field-email\" class=\"elementor-field-label\">\n\t\t\t\t\t\t\t\tEmail\t\t\t\t\t\t\t<\/label>\n\t\t\t\t\t\t\t\t\t\t\t\t\t\t<input size=\"1\" type=\"email\" name=\"form_fields[email]\" id=\"form-field-email\" class=\"elementor-field elementor-size-sm  elementor-field-textual\" placeholder=\"Email\" required=\"required\">\n\t\t\t\t\t\t\t\t\t\t\t<\/div>\n\t\t\t\t\t\t\t\t<div class=\"elementor-field-type-number elementor-field-group elementor-column elementor-field-group-field_3edc986 elementor-col-100 elementor-field-required elementor-mark-required\">\n\t\t\t\t\t\t\t\t\t\t\t\t<label for=\"form-field-field_3edc986\" class=\"elementor-field-label\">\n\t\t\t\t\t\t\t\tPhone\t\t\t\t\t\t\t<\/label>\n\t\t\t\t\t\t\t\t\t<input type=\"number\" name=\"form_fields[field_3edc986]\" id=\"form-field-field_3edc986\" class=\"elementor-field elementor-size-sm  elementor-field-textual\" required=\"required\" min=\"\" max=\"\" >\n\t\t\t\t\t\t<\/div>\n\t\t\t\t\t\t\t\t<div class=\"elementor-field-type-textarea elementor-field-group elementor-column elementor-field-group-message elementor-col-100\">\n\t\t\t\t\t\t\t\t\t\t\t\t<label for=\"form-field-message\" class=\"elementor-field-label\">\n\t\t\t\t\t\t\t\tComments\t\t\t\t\t\t\t<\/label>\n\t\t\t\t\t\t<textarea class=\"elementor-field-textual elementor-field  elementor-size-sm\" name=\"form_fields[message]\" id=\"form-field-message\" rows=\"4\" placeholder=\"Comments\"><\/textarea>\t\t\t\t<\/div>\n\t\t\t\t\t\t\t\t<div class=\"elementor-field-type-acceptance elementor-field-group elementor-column elementor-field-group-field_4fe6f07 elementor-col-100 elementor-field-required elementor-mark-required\">\n\t\t\t\t\t\t\t<div class=\"elementor-field-subgroup\">\n\t\t\t<span class=\"elementor-field-option\">\n\t\t\t\t<input type=\"checkbox\" name=\"form_fields[field_4fe6f07]\" id=\"form-field-field_4fe6f07\" class=\"elementor-field elementor-size-sm  elementor-acceptance-field\" required=\"required\">\n\t\t\t\t<label for=\"form-field-field_4fe6f07\">I have read and accept the privacy policy<\/label>\t\t\t<\/span>\n\t\t<\/div>\n\t\t\t\t\t\t<\/div>\n\t\t\t\t\t\t\t\t<div class=\"elementor-field-type-recaptcha elementor-field-group elementor-column elementor-field-group-field_d138034 elementor-col-100\">\n\t\t\t\t\t<div class=\"elementor-field\" id=\"form-field-field_d138034\"><div class=\"elementor-g-recaptcha\" data-sitekey=\"6Le-90oaAAAAANNDuXAXMtnh5jV8g52eyDHkP8iZ\" data-type=\"v2_checkbox\" data-theme=\"light\" data-size=\"normal\"><\/div><\/div>\t\t\t\t<\/div>\n\t\t\t\t\t\t\t\t<div class=\"elementor-field-group elementor-column elementor-field-type-submit elementor-col-100 e-form__buttons\">\n\t\t\t\t\t<button class=\"elementor-button elementor-size-sm\" type=\"submit\">\n\t\t\t\t\t\t<span class=\"elementor-button-content-wrapper\">\n\t\t\t\t\t\t\t\t\t\t\t\t\t\t\t\t\t\t\t\t\t\t<span class=\"elementor-button-text\">Send<\/span>\n\t\t\t\t\t\t\t\t\t\t\t\t\t<\/span>\n\t\t\t\t\t<\/button>\n\t\t\t\t<\/div>\n\t\t\t<\/div>\n\t\t<\/form>\n\t\t\t\t\t\t<\/div>\n\t\t\t\t\t<\/div>\n\t\t<\/div>\n\t\t\t\t\t<\/div>\n\t\t<\/section>\n\t\t\t\t<\/div>\n\t\t","protected":false},"excerpt":{"rendered":"<p>You can ask for any questions or book an appointment Contact with Dra Brianda\u200b Dr. Mendoza will explain you in a quiet and relaxed atmosphere all the necessary information about your problem, as well as the surgical and non surgical options in order to orientate you towards the best treatment. During the first consultation, the [&hellip;]<\/p>\n","protected":false},"author":1,"featured_media":0,"parent":0,"menu_order":70,"comment_status":"closed","ping_status":"closed","template":"elementor_header_footer","meta":{"site-sidebar-layout":"no-sidebar","site-content-layout":"page-builder","ast-site-content-layout":"default","site-content-style":"default","site-sidebar-style":"default","ast-global-header-display":"","ast-banner-title-visibility":"","ast-main-header-display":"","ast-hfb-above-header-display":"","ast-hfb-below-header-display":"","ast-hfb-mobile-header-display":"","site-post-title":"disabled","ast-breadcrumbs-content":"","ast-featured-img":"disabled","footer-sml-layout":"","ast-disable-related-posts":"","theme-transparent-header-meta":"default","adv-header-id-meta":"","stick-header-meta":"","header-above-stick-meta":"","header-main-stick-meta":"","header-below-stick-meta":"","astra-migrate-meta-layouts":"set","ast-page-background-enabled":"default","ast-page-background-meta":{"desktop":{"background-color":"","background-image":"","background-repeat":"repeat","background-position":"center center","background-size":"auto","background-attachment":"scroll","background-type":"","background-media":"","overlay-type":"","overlay-color":"","overlay-opacity":"","overlay-gradient":""},"tablet":{"background-color":"","background-image":"","background-repeat":"repeat","background-position":"center center","background-size":"auto","background-attachment":"scroll","background-type":"","background-media":"","overlay-type":"","overlay-color":"","overlay-opacity":"","overlay-gradient":""},"mobile":{"background-color":"","background-image":"","background-repeat":"repeat","background-position":"center center","background-size":"auto","background-attachment":"scroll","background-type":"","background-media":"","overlay-type":"","overlay-color":"","overlay-opacity":"","overlay-gradient":""}},"ast-content-background-meta":{"desktop":{"background-color":"var(--ast-global-color-5)","background-image":"","background-repeat":"repeat","background-position":"center center","background-size":"auto","background-attachment":"scroll","background-type":"","background-media":"","overlay-type":"","overlay-color":"","overlay-opacity":"","overlay-gradient":""},"tablet":{"background-color":"var(--ast-global-color-5)","background-image":"","background-repeat":"repeat","background-position":"center center","background-size":"auto","background-attachment":"scroll","background-type":"","background-media":"","overlay-type":"","overlay-color":"","overlay-opacity":"","overlay-gradient":""},"mobile":{"background-color":"var(--ast-global-color-5)","background-image":"","background-repeat":"repeat","background-position":"center center","background-size":"auto","background-attachment":"scroll","background-type":"","background-media":"","overlay-type":"","overlay-color":"","overlay-opacity":"","overlay-gradient":""}},"_joinchat":[],"footnotes":""},"class_list":["post-1399","page","type-page","status-publish","hentry"],"yoast_head":"<!-- This site is optimized with the Yoast SEO plugin v27.4 - https:\/\/yoast.com\/product\/yoast-seo-wordpress\/ -->\n<title>Plastic, Aesthetic and Recostructive Surgery Clinic<\/title>\n<meta name=\"description\" content=\"Plastic, Aesthetic and Recostructive Surgery Clinic. Doctora Brianda Hurtado de Mendoza\" \/>\n<meta name=\"robots\" content=\"index, follow, max-snippet:-1, max-image-preview:large, max-video-preview:-1\" \/>\n<link rel=\"canonical\" href=\"https:\/\/www.drabrianda.es\/en\/surgery-clinic\/\" \/>\n<meta property=\"og:locale\" content=\"en_US\" \/>\n<meta property=\"og:type\" content=\"article\" \/>\n<meta property=\"og:title\" content=\"Plastic, Aesthetic and Recostructive Surgery Clinic\" \/>\n<meta property=\"og:description\" content=\"Plastic, Aesthetic and Recostructive Surgery Clinic. Doctora Brianda Hurtado de Mendoza\" \/>\n<meta property=\"og:url\" content=\"https:\/\/www.drabrianda.es\/en\/surgery-clinic\/\" \/>\n<meta property=\"og:site_name\" content=\"Doctora Brianda\" \/>\n<meta property=\"article:modified_time\" content=\"2025-01-29T14:00:08+00:00\" \/>\n<meta name=\"twitter:card\" content=\"summary_large_image\" \/>\n<meta name=\"twitter:label1\" content=\"Est. reading time\" \/>\n\t<meta name=\"twitter:data1\" content=\"2 minutes\" \/>\n<script type=\"application\/ld+json\" class=\"yoast-schema-graph\">{\"@context\":\"https:\\\/\\\/schema.org\",\"@graph\":[{\"@type\":\"WebPage\",\"@id\":\"https:\\\/\\\/www.drabrianda.es\\\/en\\\/surgery-clinic\\\/\",\"url\":\"https:\\\/\\\/www.drabrianda.es\\\/en\\\/surgery-clinic\\\/\",\"name\":\"Plastic, Aesthetic and Recostructive Surgery Clinic\",\"isPartOf\":{\"@id\":\"https:\\\/\\\/www.drabrianda.es\\\/#website\"},\"datePublished\":\"2017-12-06T11:42:00+00:00\",\"dateModified\":\"2025-01-29T14:00:08+00:00\",\"description\":\"Plastic, Aesthetic and Recostructive Surgery Clinic. Doctora Brianda Hurtado de Mendoza\",\"breadcrumb\":{\"@id\":\"https:\\\/\\\/www.drabrianda.es\\\/en\\\/surgery-clinic\\\/#breadcrumb\"},\"inLanguage\":\"en-US\",\"potentialAction\":[{\"@type\":\"ReadAction\",\"target\":[\"https:\\\/\\\/www.drabrianda.es\\\/en\\\/surgery-clinic\\\/\"]}]},{\"@type\":\"BreadcrumbList\",\"@id\":\"https:\\\/\\\/www.drabrianda.es\\\/en\\\/surgery-clinic\\\/#breadcrumb\",\"itemListElement\":[{\"@type\":\"ListItem\",\"position\":1,\"name\":\"Portada\",\"item\":\"https:\\\/\\\/www.drabrianda.es\\\/\"},{\"@type\":\"ListItem\",\"position\":2,\"name\":\"Surgery clinic\"}]},{\"@type\":\"WebSite\",\"@id\":\"https:\\\/\\\/www.drabrianda.es\\\/#website\",\"url\":\"https:\\\/\\\/www.drabrianda.es\\\/\",\"name\":\"Doctora Brianda\",\"description\":\"Cirug\u00eda Pl\u00e1stica M\u00e1laga y Marbella\",\"publisher\":{\"@id\":\"https:\\\/\\\/www.drabrianda.es\\\/#organization\"},\"potentialAction\":[{\"@type\":\"SearchAction\",\"target\":{\"@type\":\"EntryPoint\",\"urlTemplate\":\"https:\\\/\\\/www.drabrianda.es\\\/?s={search_term_string}\"},\"query-input\":{\"@type\":\"PropertyValueSpecification\",\"valueRequired\":true,\"valueName\":\"search_term_string\"}}],\"inLanguage\":\"en-US\"},{\"@type\":\"Organization\",\"@id\":\"https:\\\/\\\/www.drabrianda.es\\\/#organization\",\"name\":\"Doctora Brianda\",\"url\":\"https:\\\/\\\/www.drabrianda.es\\\/\",\"logo\":{\"@type\":\"ImageObject\",\"inLanguage\":\"en-US\",\"@id\":\"https:\\\/\\\/www.drabrianda.es\\\/#\\\/schema\\\/logo\\\/image\\\/\",\"url\":\"https:\\\/\\\/www.drabrianda.es\\\/wp-content\\\/uploads\\\/2018\\\/10\\\/logo-brianda-mendoza-1.png\",\"contentUrl\":\"https:\\\/\\\/www.drabrianda.es\\\/wp-content\\\/uploads\\\/2018\\\/10\\\/logo-brianda-mendoza-1.png\",\"width\":300,\"height\":101,\"caption\":\"Doctora Brianda\"},\"image\":{\"@id\":\"https:\\\/\\\/www.drabrianda.es\\\/#\\\/schema\\\/logo\\\/image\\\/\"}}]}<\/script>\n<!-- \/ Yoast SEO plugin. -->","yoast_head_json":{"title":"Plastic, Aesthetic and Recostructive Surgery Clinic","description":"Plastic, Aesthetic and Recostructive Surgery Clinic. Doctora Brianda Hurtado de Mendoza","robots":{"index":"index","follow":"follow","max-snippet":"max-snippet:-1","max-image-preview":"max-image-preview:large","max-video-preview":"max-video-preview:-1"},"canonical":"https:\/\/www.drabrianda.es\/en\/surgery-clinic\/","og_locale":"en_US","og_type":"article","og_title":"Plastic, Aesthetic and Recostructive Surgery Clinic","og_description":"Plastic, Aesthetic and Recostructive Surgery Clinic. Doctora Brianda Hurtado de Mendoza","og_url":"https:\/\/www.drabrianda.es\/en\/surgery-clinic\/","og_site_name":"Doctora Brianda","article_modified_time":"2025-01-29T14:00:08+00:00","twitter_card":"summary_large_image","twitter_misc":{"Est. reading time":"2 minutes"},"schema":{"@context":"https:\/\/schema.org","@graph":[{"@type":"WebPage","@id":"https:\/\/www.drabrianda.es\/en\/surgery-clinic\/","url":"https:\/\/www.drabrianda.es\/en\/surgery-clinic\/","name":"Plastic, Aesthetic and Recostructive Surgery Clinic","isPartOf":{"@id":"https:\/\/www.drabrianda.es\/#website"},"datePublished":"2017-12-06T11:42:00+00:00","dateModified":"2025-01-29T14:00:08+00:00","description":"Plastic, Aesthetic and Recostructive Surgery Clinic. Doctora Brianda Hurtado de Mendoza","breadcrumb":{"@id":"https:\/\/www.drabrianda.es\/en\/surgery-clinic\/#breadcrumb"},"inLanguage":"en-US","potentialAction":[{"@type":"ReadAction","target":["https:\/\/www.drabrianda.es\/en\/surgery-clinic\/"]}]},{"@type":"BreadcrumbList","@id":"https:\/\/www.drabrianda.es\/en\/surgery-clinic\/#breadcrumb","itemListElement":[{"@type":"ListItem","position":1,"name":"Portada","item":"https:\/\/www.drabrianda.es\/"},{"@type":"ListItem","position":2,"name":"Surgery clinic"}]},{"@type":"WebSite","@id":"https:\/\/www.drabrianda.es\/#website","url":"https:\/\/www.drabrianda.es\/","name":"Doctora Brianda","description":"Cirug\u00eda Pl\u00e1stica M\u00e1laga y Marbella","publisher":{"@id":"https:\/\/www.drabrianda.es\/#organization"},"potentialAction":[{"@type":"SearchAction","target":{"@type":"EntryPoint","urlTemplate":"https:\/\/www.drabrianda.es\/?s={search_term_string}"},"query-input":{"@type":"PropertyValueSpecification","valueRequired":true,"valueName":"search_term_string"}}],"inLanguage":"en-US"},{"@type":"Organization","@id":"https:\/\/www.drabrianda.es\/#organization","name":"Doctora Brianda","url":"https:\/\/www.drabrianda.es\/","logo":{"@type":"ImageObject","inLanguage":"en-US","@id":"https:\/\/www.drabrianda.es\/#\/schema\/logo\/image\/","url":"https:\/\/www.drabrianda.es\/wp-content\/uploads\/2018\/10\/logo-brianda-mendoza-1.png","contentUrl":"https:\/\/www.drabrianda.es\/wp-content\/uploads\/2018\/10\/logo-brianda-mendoza-1.png","width":300,"height":101,"caption":"Doctora Brianda"},"image":{"@id":"https:\/\/www.drabrianda.es\/#\/schema\/logo\/image\/"}}]}},"_links":{"self":[{"href":"https:\/\/www.drabrianda.es\/en\/wp-json\/wp\/v2\/pages\/1399","targetHints":{"allow":["GET"]}}],"collection":[{"href":"https:\/\/www.drabrianda.es\/en\/wp-json\/wp\/v2\/pages"}],"about":[{"href":"https:\/\/www.drabrianda.es\/en\/wp-json\/wp\/v2\/types\/page"}],"author":[{"embeddable":true,"href":"https:\/\/www.drabrianda.es\/en\/wp-json\/wp\/v2\/users\/1"}],"replies":[{"embeddable":true,"href":"https:\/\/www.drabrianda.es\/en\/wp-json\/wp\/v2\/comments?post=1399"}],"version-history":[{"count":29,"href":"https:\/\/www.drabrianda.es\/en\/wp-json\/wp\/v2\/pages\/1399\/revisions"}],"predecessor-version":[{"id":5228,"href":"https:\/\/www.drabrianda.es\/en\/wp-json\/wp\/v2\/pages\/1399\/revisions\/5228"}],"wp:attachment":[{"href":"https:\/\/www.drabrianda.es\/en\/wp-json\/wp\/v2\/media?parent=1399"}],"curies":[{"name":"wp","href":"https:\/\/api.w.org\/{rel}","templated":true}]}}